{"id":2907,"date":"2025-10-22T19:12:10","date_gmt":"2025-10-22T16:12:10","guid":{"rendered":"https:\/\/pipraveski.ee\/?post_type=product&#038;p=2907"},"modified":"2026-04-17T11:33:23","modified_gmt":"2026-04-17T08:33:23","slug":"tsilli-pasilla-jahvatatud-50g","status":"publish","type":"product","link":"https:\/\/pipraveski.ee\/en\/product\/tsilli-pasilla-jahvatatud-50g\/","title":{"rendered":"T\u0161illi, Pasilla, jahvatatud, 50g"},"content":{"rendered":"<p>Koostis: Pasilla t\u0161illi, jahvatatud.<\/p>\n<p>Pasilla t\u0161illi on Chilaca t\u0161illi kuivatatud versioon ja selle nimi t\u00f5lkes t\u00e4hendab &#8220;v\u00e4ike rosin&#8221;, selle kuivanud v\u00e4rvi ja tekstuuri j\u00e4rgi.<br \/>\nSee t\u0161illi on oma maheda maitse t\u00f5ttu v\u00e4ga populaarne Mehhiko k\u00f6\u00f6gi austajate seas.<\/p>\n<p>Pasilla t\u0161illit kasutatakse k\u00f5ige sagedamini kastmetes, salsades, puljongides jms.<br \/>\nJahvatatud Pasilla t\u0161illi annab igale roale maitset ja v\u00f5imaluse isikup\u00e4rastada seda vastavalt individuaalsele maitsele.<\/p>","protected":false},"excerpt":{"rendered":"<p>See t\u0161illi on oma maheda maitse t\u00f5ttu v\u00e4ga populaarne Mehhiko k\u00f6\u00f6gi austajate seas.<\/p>","protected":false},"featured_media":2937,"template":"","meta":[],"product_brand":[243],"product_cat":[338],"product_tag":[],"class_list":{"0":"post-2907","1":"product","2":"type-product","3":"status-publish","4":"has-post-thumbnail","6":"product_brand-xatze","7":"product_cat-puhtad-maitsed","9":"first","10":"instock","11":"taxable","12":"shipping-taxable","13":"purchasable","14":"product-type-simple"},"_links":{"self":[{"href":"https:\/\/pipraveski.ee\/en\/wp-json\/wp\/v2\/product\/2907","targetHints":{"allow":["GET"]}}],"collection":[{"href":"https:\/\/pipraveski.ee\/en\/wp-json\/wp\/v2\/product"}],"about":[{"href":"https:\/\/pipraveski.ee\/en\/wp-json\/wp\/v2\/types\/product"}],"wp:featuredmedia":[{"embeddable":true,"href":"https:\/\/pipraveski.ee\/en\/wp-json\/wp\/v2\/media\/2937"}],"wp:attachment":[{"href":"https:\/\/pipraveski.ee\/en\/wp-json\/wp\/v2\/media?parent=2907"}],"wp:term":[{"taxonomy":"product_brand","embeddable":true,"href":"https:\/\/pipraveski.ee\/en\/wp-json\/wp\/v2\/product_brand?post=2907"},{"taxonomy":"product_cat","embeddable":true,"href":"https:\/\/pipraveski.ee\/en\/wp-json\/wp\/v2\/product_cat?post=2907"},{"taxonomy":"product_tag","embeddable":true,"href":"https:\/\/pipraveski.ee\/en\/wp-json\/wp\/v2\/product_tag?post=2907"}],"curies":[{"name":"wp","href":"https:\/\/api.w.org\/{rel}","templated":true}]}}