{"id":2906,"date":"2025-10-22T19:12:10","date_gmt":"2025-10-22T16:12:10","guid":{"rendered":"https:\/\/pipraveski.ee\/?post_type=product&#038;p=2906"},"modified":"2026-04-17T11:32:52","modified_gmt":"2026-04-17T08:32:52","slug":"teekarud-soo-voi-joo-johvika-vanilje-100g","status":"publish","type":"product","link":"https:\/\/pipraveski.ee\/en\/product\/teekarud-soo-voi-joo-johvika-vanilje-100g\/","title":{"rendered":"Teekarud &#8220;S\u00f6\u00f6 v\u00f5i joo&#8221; j\u00f5hvika-vanilje maitselised 100g"},"content":{"rendered":"<p><span style=\"font-size: 13px\">Aseta 2-3 teekaru \u00fchte tassi keedetud vette, et saada m\u00f5nus, soe jook.<\/span><br style=\"font-size: 13px\" \/><br \/>\n<br \/>\n<span style=\"font-size: 13px\">Ingredients:&nbsp;<\/span>suhkur, gl\u00fckoosisiirup, \u017eelatiin, vesi, kontsentreeritud valge viinamarjamahl, happesuse regulaator: sidrunhape, l\u00f5hna- ja maitseained, valge tee ekstrakt, v\u00e4rvaine &#8211; toidukontsentraat (porgand), puuviljamagusaine kontsentreeritud \u00f5unamahlast, \u00f5unamahlakontsentraat, kontsentreeritud pirnimahl, kontsentreeritud aprikoosimahl, glasuuraine: karnaubavaha<\/p>\n<p><span style=\"font-size: 13px\">Nutrition information per 100g:<\/span><br style=\"font-size: 13px\" \/><br \/>\n<span style=\"font-size: 13px\">Energy 1500kJ \/ 353 kcal<\/span><br style=\"font-size: 13px\" \/><br \/>\n<span style=\"font-size: 13px\">Fats 0,5g<\/span><br style=\"font-size: 13px\" \/><br \/>\n<span style=\"font-size: 13px\">of which saturated fatty acids 0,1g<\/span><br style=\"font-size: 13px\" \/><br \/>\n<span style=\"font-size: 13px\">Carbohydrates 81g<\/span><br style=\"font-size: 13px\" \/><br \/>\n<span style=\"font-size: 13px\">of which sugars 72g<\/span><br style=\"font-size: 13px\" \/><br \/>\n<span style=\"font-size: 13px\">Protein 4,8g<\/span><br style=\"font-size: 13px\" \/><br \/>\n<span style=\"font-size: 13px\">Salt 0,03g<\/span><\/p>","protected":false},"excerpt":{"rendered":"<p>Populaarne toode meie sortimendis &#8211; TEEKARUD<\/p>\n<p>Valmista neist maitsev tee v\u00f5i kustuta magusaisu ja s\u00f6\u00f6 niisama<\/p>","protected":false},"featured_media":2935,"template":"","meta":[],"product_brand":[],"product_cat":[327],"product_tag":[],"class_list":{"0":"post-2906","1":"product","2":"type-product","3":"status-publish","4":"has-post-thumbnail","6":"product_cat-kohv-tee","8":"first","9":"instock","10":"taxable","11":"shipping-taxable","12":"purchasable","13":"product-type-simple"},"_links":{"self":[{"href":"https:\/\/pipraveski.ee\/en\/wp-json\/wp\/v2\/product\/2906","targetHints":{"allow":["GET"]}}],"collection":[{"href":"https:\/\/pipraveski.ee\/en\/wp-json\/wp\/v2\/product"}],"about":[{"href":"https:\/\/pipraveski.ee\/en\/wp-json\/wp\/v2\/types\/product"}],"wp:featuredmedia":[{"embeddable":true,"href":"https:\/\/pipraveski.ee\/en\/wp-json\/wp\/v2\/media\/2935"}],"wp:attachment":[{"href":"https:\/\/pipraveski.ee\/en\/wp-json\/wp\/v2\/media?parent=2906"}],"wp:term":[{"taxonomy":"product_brand","embeddable":true,"href":"https:\/\/pipraveski.ee\/en\/wp-json\/wp\/v2\/product_brand?post=2906"},{"taxonomy":"product_cat","embeddable":true,"href":"https:\/\/pipraveski.ee\/en\/wp-json\/wp\/v2\/product_cat?post=2906"},{"taxonomy":"product_tag","embeddable":true,"href":"https:\/\/pipraveski.ee\/en\/wp-json\/wp\/v2\/product_tag?post=2906"}],"curies":[{"name":"wp","href":"https:\/\/api.w.org\/{rel}","templated":true}]}}