{"id":2903,"date":"2025-10-22T19:12:10","date_gmt":"2025-10-22T16:12:10","guid":{"rendered":"https:\/\/pipraveski.ee\/?post_type=product&#038;p=2903"},"modified":"2026-04-17T11:32:57","modified_gmt":"2026-04-17T08:32:57","slug":"gyros-hellas-200g","status":"publish","type":"product","link":"https:\/\/pipraveski.ee\/en\/product\/gyros-hellas-200g\/","title":{"rendered":"Gyros Hellas, HELA, 200g"},"content":{"rendered":"<p>Seasoning mix for beef, pork and lamb.<\/p>\n<p>Consumption standard: 25g per 1kg.<\/p>\n<p><strong>Ingredients:<\/strong>Lauasool, v\u00fcrtsid (paprika, koriandriseemned, pipar, sibul, peterselli juur, v\u00fcrtsid), dekstroos, \u00fcrdid (pune, petersell, \u00fcrdid, majoraan), paakumisvastane aine (r\u00e4nidioksiid), v\u00fcrtsiekstrakt.<br \/>\n<strong>Suuremat pakendit soovides ootame teie e-kirja aadressile myyk@pipraveski.ee<\/strong><\/p>","protected":false},"excerpt":{"rendered":"<p>Maitseainesegu veise-, sea- ja lambalihale. Kulunorm: 25g 1kg kohta. Koostisosad:Lauasool, v\u00fcrtsid (paprika, koriandriseemned, pipar, sibul, peterselli juur, v\u00fcrtsid), dekstroos, \u00fcrdid (pune, petersell, \u00fcrdid, majoraan), paakumisvastane aine (r\u00e4nidioksiid), v\u00fcrtsiekstrakt. Suuremat pakendit soovides ootame teie e-kirja aadressile myyk@pipraveski.ee<\/p>","protected":false},"featured_media":2932,"template":"","meta":[],"product_brand":[244],"product_cat":[307],"product_tag":[],"class_list":{"0":"post-2903","1":"product","2":"type-product","3":"status-publish","4":"has-post-thumbnail","6":"product_brand-hela","7":"product_cat-maitseainesegud","9":"first","10":"instock","11":"sale","12":"taxable","13":"shipping-taxable","14":"purchasable","15":"product-type-simple"},"_links":{"self":[{"href":"https:\/\/pipraveski.ee\/en\/wp-json\/wp\/v2\/product\/2903","targetHints":{"allow":["GET"]}}],"collection":[{"href":"https:\/\/pipraveski.ee\/en\/wp-json\/wp\/v2\/product"}],"about":[{"href":"https:\/\/pipraveski.ee\/en\/wp-json\/wp\/v2\/types\/product"}],"wp:featuredmedia":[{"embeddable":true,"href":"https:\/\/pipraveski.ee\/en\/wp-json\/wp\/v2\/media\/2932"}],"wp:attachment":[{"href":"https:\/\/pipraveski.ee\/en\/wp-json\/wp\/v2\/media?parent=2903"}],"wp:term":[{"taxonomy":"product_brand","embeddable":true,"href":"https:\/\/pipraveski.ee\/en\/wp-json\/wp\/v2\/product_brand?post=2903"},{"taxonomy":"product_cat","embeddable":true,"href":"https:\/\/pipraveski.ee\/en\/wp-json\/wp\/v2\/product_cat?post=2903"},{"taxonomy":"product_tag","embeddable":true,"href":"https:\/\/pipraveski.ee\/en\/wp-json\/wp\/v2\/product_tag?post=2903"}],"curies":[{"name":"wp","href":"https:\/\/api.w.org\/{rel}","templated":true}]}}