{"id":2901,"date":"2025-10-22T19:12:10","date_gmt":"2025-10-22T16:12:10","guid":{"rendered":"https:\/\/pipraveski.ee\/?post_type=product&#038;p=2901"},"modified":"2026-04-19T20:18:04","modified_gmt":"2026-04-19T17:18:04","slug":"mee-kuuslauguvurts-50g","status":"publish","type":"product","link":"https:\/\/pipraveski.ee\/en\/product\/mee-kuuslauguvurts-50g\/","title":{"rendered":"Mee- k\u00fc\u00fcslauguv\u00fcrts, HELA, 55g"},"content":{"rendered":"<p>Seasoning mix for poultry meat.<\/p>\n<p>Directions for use: 55g + 45g water per kilo of meat.<\/p>\n<p>Ingredients: sugar, salt (22%), tomato powder, acidity regulator E262 sodium diacetate, dextrose, spices, garlic, acidity regulator: citric acid, LACTOSE, rapeseed oil.<\/p>","protected":false},"excerpt":{"rendered":"<p>Maitseainesegu linnulihale. Kasutamine: 55g+45g vett kilo liha kohta. Koostisosad: suhkur, sool (22%), tomatipulber, happesuse regulaator E262 naatriumdiatsetaat, dekstroos, v\u00fcrtsid, k\u00fc\u00fcslauk, happesuse regulaator: sidrunhape, LAKTOOS, rapsi\u00f5li.<\/p>","protected":false},"featured_media":2930,"template":"","meta":[],"product_brand":[244],"product_cat":[307],"product_tag":[],"class_list":{"0":"post-2901","1":"product","2":"type-product","3":"status-publish","4":"has-post-thumbnail","6":"product_brand-hela","7":"product_cat-maitseainesegud","9":"first","10":"instock","11":"taxable","12":"shipping-taxable","13":"purchasable","14":"product-type-simple"},"_links":{"self":[{"href":"https:\/\/pipraveski.ee\/en\/wp-json\/wp\/v2\/product\/2901","targetHints":{"allow":["GET"]}}],"collection":[{"href":"https:\/\/pipraveski.ee\/en\/wp-json\/wp\/v2\/product"}],"about":[{"href":"https:\/\/pipraveski.ee\/en\/wp-json\/wp\/v2\/types\/product"}],"wp:featuredmedia":[{"embeddable":true,"href":"https:\/\/pipraveski.ee\/en\/wp-json\/wp\/v2\/media\/2930"}],"wp:attachment":[{"href":"https:\/\/pipraveski.ee\/en\/wp-json\/wp\/v2\/media?parent=2901"}],"wp:term":[{"taxonomy":"product_brand","embeddable":true,"href":"https:\/\/pipraveski.ee\/en\/wp-json\/wp\/v2\/product_brand?post=2901"},{"taxonomy":"product_cat","embeddable":true,"href":"https:\/\/pipraveski.ee\/en\/wp-json\/wp\/v2\/product_cat?post=2901"},{"taxonomy":"product_tag","embeddable":true,"href":"https:\/\/pipraveski.ee\/en\/wp-json\/wp\/v2\/product_tag?post=2901"}],"curies":[{"name":"wp","href":"https:\/\/api.w.org\/{rel}","templated":true}]}}