{"id":2900,"date":"2025-10-22T19:12:10","date_gmt":"2025-10-22T16:12:10","guid":{"rendered":"https:\/\/pipraveski.ee\/?post_type=product&#038;p=2900"},"modified":"2026-04-17T11:33:08","modified_gmt":"2026-04-17T08:33:08","slug":"suitsusool-50g","status":"publish","type":"product","link":"https:\/\/pipraveski.ee\/en\/product\/suitsusool-50g\/","title":{"rendered":"Smelling salt, HELA, 50g"},"content":{"rendered":"<p>Suitsunoodiga v\u00fcrts.<\/p>\n<p>Kulunorm: 2-4g 1 kilole v\u00f5i maitse j\u00e4rgi.<\/p>\n<p>Koostisosad: E621, keedusool (27%), LAKTOOS, p\u00e4rmiekstrakt, v\u00fcrtsid (sh. SELLER), suitsuaroom.<\/p>","protected":false},"excerpt":{"rendered":"<p>Suitsunoodiga v\u00fcrts. Kulunorm: 2-4g 1 kilole v\u00f5i maitse j\u00e4rgi. Koostisosad: E621, keedusool (27%), LAKTOOS, p\u00e4rmiekstrakt, v\u00fcrtsid (sh. SELLER), suitsuaroom.<\/p>","protected":false},"featured_media":2929,"template":"","meta":[],"product_brand":[244],"product_cat":[307],"product_tag":[],"class_list":{"0":"post-2900","1":"product","2":"type-product","3":"status-publish","4":"has-post-thumbnail","6":"product_brand-hela","7":"product_cat-maitseainesegud","9":"first","10":"instock","11":"sale","12":"taxable","13":"shipping-taxable","14":"purchasable","15":"product-type-simple"},"_links":{"self":[{"href":"https:\/\/pipraveski.ee\/en\/wp-json\/wp\/v2\/product\/2900","targetHints":{"allow":["GET"]}}],"collection":[{"href":"https:\/\/pipraveski.ee\/en\/wp-json\/wp\/v2\/product"}],"about":[{"href":"https:\/\/pipraveski.ee\/en\/wp-json\/wp\/v2\/types\/product"}],"wp:featuredmedia":[{"embeddable":true,"href":"https:\/\/pipraveski.ee\/en\/wp-json\/wp\/v2\/media\/2929"}],"wp:attachment":[{"href":"https:\/\/pipraveski.ee\/en\/wp-json\/wp\/v2\/media?parent=2900"}],"wp:term":[{"taxonomy":"product_brand","embeddable":true,"href":"https:\/\/pipraveski.ee\/en\/wp-json\/wp\/v2\/product_brand?post=2900"},{"taxonomy":"product_cat","embeddable":true,"href":"https:\/\/pipraveski.ee\/en\/wp-json\/wp\/v2\/product_cat?post=2900"},{"taxonomy":"product_tag","embeddable":true,"href":"https:\/\/pipraveski.ee\/en\/wp-json\/wp\/v2\/product_tag?post=2900"}],"curies":[{"name":"wp","href":"https:\/\/api.w.org\/{rel}","templated":true}]}}