{"id":2899,"date":"2025-10-22T19:12:10","date_gmt":"2025-10-22T16:12:10","guid":{"rendered":"https:\/\/pipraveski.ee\/?post_type=product&#038;p=2899"},"modified":"2026-04-17T11:32:22","modified_gmt":"2026-04-17T08:32:22","slug":"lambalaatse-seemned-trs-100g","status":"publish","type":"product","link":"https:\/\/pipraveski.ee\/en\/product\/lambalaatse-seemned-trs-100g\/","title":{"rendered":"Fenugreek seeds, TRS, 100g"},"content":{"rendered":"<p>Need intensiivsed ja kibemagusad lambal\u00e4\u00e4tse seemned sobivad ideaalselt n\u00e4iteks karridesse. Vahtrasiirupi maitsega aromaatsed lambal\u00e4\u00e4tse seemned on maitsev lisand paljudele soolastele roogadele. Lisage maitset k\u00f5igele, alates kastmetest ja l\u00f5petades hautistega.<\/p>\n<p>Koostisosad: Lambal\u00e4\u00e4tseseemned<br \/>\nAllergiaalane teave:&nbsp;V\u00f5ib sisaldada maap\u00e4hklite ja muude p\u00e4hklite, seesamiseemnete ja gluteeni sisaldavate teraviljade j\u00e4lgi, piima, sellerit, sojat, sinepit ja sulfiteid.<\/p>\n<p>Nutrition information per 100g:&nbsp;<br \/>\nEnergia 1020kJ \/ 333kcal<br \/>\nRasv 5,8g<br \/>\nS\u00fcsivesikud 44,1g<br \/>\nof which sugars 10,5g<br \/>\nKiudained 7,2g<br \/>\nValk 26,2g<br \/>\nSool 0,2g<\/p>\n<p>Country of origin: India<\/p>\n<p>&nbsp;<\/p>","protected":false},"excerpt":{"rendered":"<p>Need intensiivsed ja kibemagusad lambal\u00e4\u00e4tse seemned sobivad ideaalselt n\u00e4iteks karridesse. Vahtrasiirupi maitsega aromaatsed lambal\u00e4\u00e4tse seemned on maitsev lisand paljudele soolastele roogadele. Lisage maitset k\u00f5igele, alates kastmetest ja l\u00f5petades hautistega. Koostisosad: Lambal\u00e4\u00e4tseseemned Allergiaalane teave:&nbsp;V\u00f5ib sisaldada maap\u00e4hklite ja muude p\u00e4hklite, seesamiseemnete ja gluteeni sisaldavate teraviljade j\u00e4lgi, piima, sellerit, sojat, sinepit ja sulfiteid. Toitumisalane teave 100g kohta:&nbsp; Energia [&hellip;]<\/p>\n","protected":false},"featured_media":2928,"template":"","meta":[],"product_brand":[],"product_cat":[321],"product_tag":[],"class_list":{"0":"post-2899","1":"product","2":"type-product","3":"status-publish","4":"has-post-thumbnail","6":"product_cat-seemned-marjad-seened-jmt","8":"first","9":"instock","10":"taxable","11":"shipping-taxable","12":"purchasable","13":"product-type-simple"},"_links":{"self":[{"href":"https:\/\/pipraveski.ee\/en\/wp-json\/wp\/v2\/product\/2899","targetHints":{"allow":["GET"]}}],"collection":[{"href":"https:\/\/pipraveski.ee\/en\/wp-json\/wp\/v2\/product"}],"about":[{"href":"https:\/\/pipraveski.ee\/en\/wp-json\/wp\/v2\/types\/product"}],"wp:featuredmedia":[{"embeddable":true,"href":"https:\/\/pipraveski.ee\/en\/wp-json\/wp\/v2\/media\/2928"}],"wp:attachment":[{"href":"https:\/\/pipraveski.ee\/en\/wp-json\/wp\/v2\/media?parent=2899"}],"wp:term":[{"taxonomy":"product_brand","embeddable":true,"href":"https:\/\/pipraveski.ee\/en\/wp-json\/wp\/v2\/product_brand?post=2899"},{"taxonomy":"product_cat","embeddable":true,"href":"https:\/\/pipraveski.ee\/en\/wp-json\/wp\/v2\/product_cat?post=2899"},{"taxonomy":"product_tag","embeddable":true,"href":"https:\/\/pipraveski.ee\/en\/wp-json\/wp\/v2\/product_tag?post=2899"}],"curies":[{"name":"wp","href":"https:\/\/api.w.org\/{rel}","templated":true}]}}