{"id":2896,"date":"2025-10-22T19:12:10","date_gmt":"2025-10-22T16:12:10","guid":{"rendered":"https:\/\/pipraveski.ee\/?post_type=product&#038;p=2896"},"modified":"2026-04-17T11:32:05","modified_gmt":"2026-04-17T08:32:05","slug":"tikka-masala-karrikaste-pataks-450g","status":"publish","type":"product","link":"https:\/\/pipraveski.ee\/en\/product\/tikka-masala-karrikaste-pataks-450g\/","title":{"rendered":"Tikka Masala curry sauce, Patak`s, 450g"},"content":{"rendered":"<p>Lihtne ja kiireltvalmiv tikka masala panniroog:<br \/>\nT\u00fckelda ja prae 450g liha, kala v\u00f5i k\u00f6\u00f6givilju 5min. Lisa kaste ning kuumuta 15min. Serveeri riisiga.<\/p>\n<p>Koostisosad: Vesi, tomatid 15%, jogurt (PIIM) 6%, kontsentreeritud tomatip\u00fcree 4%, rapsi\u00f5li, koor (PIIM) 3%, modifitseeritud maisit\u00e4rklis, jahvatatud v\u00fcrtsid 2% (v\u00fcrtsid, v\u00fcrtsk\u00f6\u00f6mned 0.5%, koriander 0.5%), suhkur, sibul 1,5%, k\u00fc\u00fcslaugup\u00fcree, ingverip\u00fcree, sool, happesuse regulaator (PIIMhape), paprikaekstrakt, v\u00fcrtsk\u00f6\u00f6mned, kuivatatud koriandrilehed.<\/p>\n<p>Nutrition information per 100g<br \/>\nEnergiasisaldus&nbsp; 297kJ\/71kcal<br \/>\nFats 3,2 g<br \/>\nmillest k\u00fcllastunud rasvhapped 1,0 g<br \/>\nS\u00fcsivesikud 8,3 g<br \/>\nmillest suhkrud 4,4 g<br \/>\nProtein 1,6 g<br \/>\nSool 0,62 g<\/p>","protected":false},"excerpt":{"rendered":"<p>Lihtne ja kiireltvalmiv tikka masala panniroog: T\u00fckelda ja prae 450g liha, kala v\u00f5i k\u00f6\u00f6givilju 5min. Lisa kaste ning kuumuta 15min. Serveeri riisiga. Koostisosad: Vesi, tomatid 15%, jogurt (PIIM) 6%, kontsentreeritud tomatip\u00fcree 4%, rapsi\u00f5li, koor (PIIM) 3%, modifitseeritud maisit\u00e4rklis, jahvatatud v\u00fcrtsid 2% (v\u00fcrtsid, v\u00fcrtsk\u00f6\u00f6mned 0.5%, koriander 0.5%), suhkur, sibul 1,5%, k\u00fc\u00fcslaugup\u00fcree, ingverip\u00fcree, sool, happesuse regulaator (PIIMhape), [&hellip;]<\/p>\n","protected":false},"featured_media":2925,"template":"","meta":[],"product_brand":[245],"product_cat":[317],"product_tag":[],"class_list":{"0":"post-2896","1":"product","2":"type-product","3":"status-publish","4":"has-post-thumbnail","6":"product_brand-pataks","7":"product_cat-kastmed-sinepid-tsatnid","9":"first","10":"instock","11":"sale","12":"taxable","13":"shipping-taxable","14":"purchasable","15":"product-type-simple"},"_links":{"self":[{"href":"https:\/\/pipraveski.ee\/en\/wp-json\/wp\/v2\/product\/2896","targetHints":{"allow":["GET"]}}],"collection":[{"href":"https:\/\/pipraveski.ee\/en\/wp-json\/wp\/v2\/product"}],"about":[{"href":"https:\/\/pipraveski.ee\/en\/wp-json\/wp\/v2\/types\/product"}],"wp:featuredmedia":[{"embeddable":true,"href":"https:\/\/pipraveski.ee\/en\/wp-json\/wp\/v2\/media\/2925"}],"wp:attachment":[{"href":"https:\/\/pipraveski.ee\/en\/wp-json\/wp\/v2\/media?parent=2896"}],"wp:term":[{"taxonomy":"product_brand","embeddable":true,"href":"https:\/\/pipraveski.ee\/en\/wp-json\/wp\/v2\/product_brand?post=2896"},{"taxonomy":"product_cat","embeddable":true,"href":"https:\/\/pipraveski.ee\/en\/wp-json\/wp\/v2\/product_cat?post=2896"},{"taxonomy":"product_tag","embeddable":true,"href":"https:\/\/pipraveski.ee\/en\/wp-json\/wp\/v2\/product_tag?post=2896"}],"curies":[{"name":"wp","href":"https:\/\/api.w.org\/{rel}","templated":true}]}}