{"id":2895,"date":"2025-10-22T19:12:10","date_gmt":"2025-10-22T16:12:10","guid":{"rendered":"https:\/\/pipraveski.ee\/?post_type=product&#038;p=2895"},"modified":"2026-04-17T11:32:24","modified_gmt":"2026-04-17T08:32:24","slug":"mac-nuga-msk-65-kokanuga-170mm","status":"publish","type":"product","link":"https:\/\/pipraveski.ee\/en\/product\/mac-nuga-msk-65-kokanuga-170mm\/","title":{"rendered":"MAC knife MSK-65 (coke knife), 170mm"},"content":{"rendered":"<p>Mac PROFESSIONAL seeria noad on valmistatud 2\u20132,5 mm paksusest originaalsest mol\u00fcbdeenterasest.<br \/>\nNeed noad j\u00e4rgivad traditsioonilisi Euroopa kujusid, mille k\u00e4epide on sirge (samal joonel tera seljaga) ja teravatipuline.<\/p>\n<p>T\u00e4iuslikult balansseeritud kaal tera ning k\u00e4epideme vahel.<br \/>\nT\u00e4nu oma kergele kaalule saab neid nuge kasutada kiireks t\u00f6\u00f6ks \u00fcksk\u00f5ik mis toidu puhul.<\/p>\n<p>SANTOKU noad on viimase k\u00fcmnendi jooksul palju populaarsust kogunud.<br \/>\nS\u00f5na-s\u00f5nalt t\u00f5lkes t\u00e4hendab Santoku &#8220;kolme vooruse nuga&#8221; ehk m\u00f5eldud on ta t\u00f6\u00f6tlema marju\/juurvilju , liha, mereande.<br \/>\nSANTOKU nugade l\u00fchem tera tagab lihtsama k\u00e4sitlemise ning t\u00e4nu kergemale kaalule koormab k\u00e4si v\u00e4hem.<\/p>\n<p>MSK-65 on PROFESSIONAL seeriast \u00fcliterav laia teraga nuga.<br \/>\nTeral lohukesed, mis h\u00f5lbustavad sujuvat hakkimist ilma toidu k\u00fclge kleepumiseta.<\/p>\n<p>Mac nugade teravus Rockwelli skaalal j\u00e4\u00e4b vahemikku 57-61.<br \/>\nIt is not recommended to wash in a dishwasher!<\/p>\n<p>Noa pikkus: 297mm<br \/>\nNoa kaal: 178g<br \/>\nTera pikkus: 170mm<br \/>\nTera k\u00f5rgus: 47mm<br \/>\nTera paksus: 2mm<\/p>","protected":false},"excerpt":{"rendered":"<p>SANTOKU nuga lohukestega<\/p>","protected":false},"featured_media":2924,"template":"","meta":[],"product_brand":[246],"product_cat":[336],"product_tag":[],"class_list":{"0":"post-2895","1":"product","2":"type-product","3":"status-publish","4":"has-post-thumbnail","6":"product_brand-mac","7":"product_cat-noad","9":"first","10":"outofstock","11":"taxable","12":"shipping-taxable","13":"purchasable","14":"product-type-simple"},"_links":{"self":[{"href":"https:\/\/pipraveski.ee\/en\/wp-json\/wp\/v2\/product\/2895","targetHints":{"allow":["GET"]}}],"collection":[{"href":"https:\/\/pipraveski.ee\/en\/wp-json\/wp\/v2\/product"}],"about":[{"href":"https:\/\/pipraveski.ee\/en\/wp-json\/wp\/v2\/types\/product"}],"wp:featuredmedia":[{"embeddable":true,"href":"https:\/\/pipraveski.ee\/en\/wp-json\/wp\/v2\/media\/2924"}],"wp:attachment":[{"href":"https:\/\/pipraveski.ee\/en\/wp-json\/wp\/v2\/media?parent=2895"}],"wp:term":[{"taxonomy":"product_brand","embeddable":true,"href":"https:\/\/pipraveski.ee\/en\/wp-json\/wp\/v2\/product_brand?post=2895"},{"taxonomy":"product_cat","embeddable":true,"href":"https:\/\/pipraveski.ee\/en\/wp-json\/wp\/v2\/product_cat?post=2895"},{"taxonomy":"product_tag","embeddable":true,"href":"https:\/\/pipraveski.ee\/en\/wp-json\/wp\/v2\/product_tag?post=2895"}],"curies":[{"name":"wp","href":"https:\/\/api.w.org\/{rel}","templated":true}]}}