{"id":2892,"date":"2025-10-22T19:12:10","date_gmt":"2025-10-22T16:12:10","guid":{"rendered":"https:\/\/pipraveski.ee\/?post_type=product&#038;p=2892"},"modified":"2026-04-17T11:31:38","modified_gmt":"2026-04-17T08:31:38","slug":"truhvli-kreem-valge-90g","status":"publish","type":"product","link":"https:\/\/pipraveski.ee\/en\/product\/truhvli-kreem-valge-90g\/","title":{"rendered":"Truffle cream, white, 90g"},"content":{"rendered":"<p>Sobib suurep\u00e4raselt pastadele, salatikastmetesse ja igalepoole mujale, mis vajaks kergelt koorest, p\u00e4hkli ja tr\u00fchvli maitset.<\/p>\n<p>Koostiosad: Koor, \u0161ampinjonid (agaricus bisporus), bianchetto tr\u00fchvel (tuber albidum pico) 5%, porcino seene ekstrakt (boletus edulis), paksendaja:&nbsp;jaanikaunakummi, aroom.<br \/>\nP\u00e4rast avamist hoida k\u00fclmikus ja tarbida 5 p\u00e4eva jooksul.<\/p>","protected":false},"excerpt":{"rendered":"<p>Valgetest tr\u00fchvlitest valmistatud, maitsek\u00fcllane pasta<\/p>","protected":false},"featured_media":2921,"template":"","meta":[],"product_brand":[],"product_cat":[317],"product_tag":[],"class_list":{"0":"post-2892","1":"product","2":"type-product","3":"status-publish","4":"has-post-thumbnail","6":"product_cat-kastmed-sinepid-tsatnid","8":"first","9":"outofstock","10":"taxable","11":"shipping-taxable","12":"purchasable","13":"product-type-simple"},"_links":{"self":[{"href":"https:\/\/pipraveski.ee\/en\/wp-json\/wp\/v2\/product\/2892","targetHints":{"allow":["GET"]}}],"collection":[{"href":"https:\/\/pipraveski.ee\/en\/wp-json\/wp\/v2\/product"}],"about":[{"href":"https:\/\/pipraveski.ee\/en\/wp-json\/wp\/v2\/types\/product"}],"wp:featuredmedia":[{"embeddable":true,"href":"https:\/\/pipraveski.ee\/en\/wp-json\/wp\/v2\/media\/2921"}],"wp:attachment":[{"href":"https:\/\/pipraveski.ee\/en\/wp-json\/wp\/v2\/media?parent=2892"}],"wp:term":[{"taxonomy":"product_brand","embeddable":true,"href":"https:\/\/pipraveski.ee\/en\/wp-json\/wp\/v2\/product_brand?post=2892"},{"taxonomy":"product_cat","embeddable":true,"href":"https:\/\/pipraveski.ee\/en\/wp-json\/wp\/v2\/product_cat?post=2892"},{"taxonomy":"product_tag","embeddable":true,"href":"https:\/\/pipraveski.ee\/en\/wp-json\/wp\/v2\/product_tag?post=2892"}],"curies":[{"name":"wp","href":"https:\/\/api.w.org\/{rel}","templated":true}]}}