{"id":2891,"date":"2025-10-22T19:12:10","date_gmt":"2025-10-22T16:12:10","guid":{"rendered":"https:\/\/pipraveski.ee\/?post_type=product&#038;p=2891"},"modified":"2026-04-17T11:31:56","modified_gmt":"2026-04-17T08:31:56","slug":"mooniseemned-50g","status":"publish","type":"product","link":"https:\/\/pipraveski.ee\/en\/product\/mooniseemned-50g\/","title":{"rendered":"Poppy seeds, 50g"},"content":{"rendered":"<p><span style=\"font-size: 14px\">&nbsp;Mooniseemned sobivad suurep\u00e4raselt lisandiks kookidele, kuivatatud puuviljade ja p\u00e4hklitega magustoitudele.&nbsp;<\/span><\/p>\n<p>Nutrition information per 100 g:<br \/>\nEnergiasisaldus 2147kJ \/ 520kcal<br \/>\nRasvad 41,6 g<br \/>\nmillest k\u00fcllastunud rasvhapped 4,5g<br \/>\nS\u00fcsivesikud 8,8g<br \/>\nmillest suhkrud 3g<br \/>\nKiudained 19,5g<br \/>\nValgud 18g<br \/>\nSool 0,02 g<\/p>\n<p>P\u00e4ritolumaa Ungari<\/p>","protected":false},"excerpt":{"rendered":"<p>&nbsp;Mooniseemned sobivad suurep\u00e4raselt lisandiks kookidele, kuivatatud puuviljade ja p\u00e4hklitega magustoitudele.&nbsp; Toitumisalane teave 100 g kohta: Energiasisaldus 2147kJ \/ 520kcal Rasvad 41,6 g millest k\u00fcllastunud rasvhapped 4,5g S\u00fcsivesikud 8,8g millest suhkrud 3g Kiudained 19,5g Valgud 18g Sool 0,02 g P\u00e4ritolumaa Ungari<\/p>","protected":false},"featured_media":2920,"template":"","meta":[],"product_brand":[],"product_cat":[321],"product_tag":[],"class_list":{"0":"post-2891","1":"product","2":"type-product","3":"status-publish","4":"has-post-thumbnail","6":"product_cat-seemned-marjad-seened-jmt","8":"first","9":"instock","10":"taxable","11":"shipping-taxable","12":"purchasable","13":"product-type-simple"},"_links":{"self":[{"href":"https:\/\/pipraveski.ee\/en\/wp-json\/wp\/v2\/product\/2891","targetHints":{"allow":["GET"]}}],"collection":[{"href":"https:\/\/pipraveski.ee\/en\/wp-json\/wp\/v2\/product"}],"about":[{"href":"https:\/\/pipraveski.ee\/en\/wp-json\/wp\/v2\/types\/product"}],"wp:featuredmedia":[{"embeddable":true,"href":"https:\/\/pipraveski.ee\/en\/wp-json\/wp\/v2\/media\/2920"}],"wp:attachment":[{"href":"https:\/\/pipraveski.ee\/en\/wp-json\/wp\/v2\/media?parent=2891"}],"wp:term":[{"taxonomy":"product_brand","embeddable":true,"href":"https:\/\/pipraveski.ee\/en\/wp-json\/wp\/v2\/product_brand?post=2891"},{"taxonomy":"product_cat","embeddable":true,"href":"https:\/\/pipraveski.ee\/en\/wp-json\/wp\/v2\/product_cat?post=2891"},{"taxonomy":"product_tag","embeddable":true,"href":"https:\/\/pipraveski.ee\/en\/wp-json\/wp\/v2\/product_tag?post=2891"}],"curies":[{"name":"wp","href":"https:\/\/api.w.org\/{rel}","templated":true}]}}