{"id":2890,"date":"2025-10-22T19:12:10","date_gmt":"2025-10-22T16:12:10","guid":{"rendered":"https:\/\/pipraveski.ee\/?post_type=product&#038;p=2890"},"modified":"2026-04-17T11:32:59","modified_gmt":"2026-04-17T08:32:59","slug":"koogiviljade-maitseainesegu-50g","status":"publish","type":"product","link":"https:\/\/pipraveski.ee\/en\/product\/koogiviljade-maitseainesegu-50g\/","title":{"rendered":"Vegetable seasoning, HELA, 50g"},"content":{"rendered":"<p>Igasuguste k\u00f6\u00f6giviljade, seente, suppide ja kastmete, pajaroogade ja kartuliroogade maitsestamiseks.<\/p>\n<p>Koostisosad: Jodeeritud lauasool (lauasool, kaaliumjodaat), granuleeritud puljong (naatriumvesinikkarbonaat, taimne valk (mais, raps), lauasool, p\u00e4evalille\u00f5li), suhkur, kuivatatud gl\u00fckoosisiirup, p\u00e4rmiekstrakt, pipar, sibul, v\u00fcrtsid, liivatee, paksendaja (guarkummi), v\u00fcrtsiekstrakt<br \/>\n<strong>Suuremat pakendit soovides ootame teie e-kirju aadressile myyk@pipraveski.ee<\/strong><\/p>\n<p><span style=\"font-size: 13px\">Nutrition information per 100g:<\/span><br style=\"font-size: 13px\" \/><br \/>\n<span style=\"font-size: 13px\">Energiasisaldus 664 kJ \/ 157 kcal<\/span><br style=\"font-size: 13px\" \/><br \/>\n<span style=\"font-size: 13px\">Fats 1,1g<\/span><br style=\"font-size: 13px\" \/><br \/>\n<span style=\"font-size: 13px\">of which saturated fatty acids 0,4g<\/span><br style=\"font-size: 13px\" \/><br \/>\n<span style=\"font-size: 13px\">Carbohydrates 27 g<\/span><br style=\"font-size: 13px\" \/><br \/>\n<span style=\"font-size: 13px\">millest suhkrud 23 g<\/span><br style=\"font-size: 13px\" \/><br \/>\n<span style=\"font-size: 13px\">Valgud 8,9 g<\/span><br style=\"font-size: 13px\" \/><br \/>\n<span style=\"font-size: 13px\">Sool 54,1 g<\/p>\n<p>Country of origin: Germany<\/span><br \/>\n&nbsp;<\/p>","protected":false},"excerpt":{"rendered":"<p>Igasuguste k\u00f6\u00f6giviljade, seente, suppide ja kastmete, pajaroogade ja kartuliroogade maitsestamiseks. Koostisosad: Jodeeritud lauasool (lauasool, kaaliumjodaat), granuleeritud puljong (naatriumvesinikkarbonaat, taimne valk (mais, raps), lauasool, p\u00e4evalille\u00f5li), suhkur, kuivatatud gl\u00fckoosisiirup, p\u00e4rmiekstrakt, pipar, sibul, v\u00fcrtsid, liivatee, paksendaja (guarkummi), v\u00fcrtsiekstrakt Suuremat pakendit soovides ootame teie e-kirju aadressile myyk@pipraveski.ee Toitumisalane teave 100g kohta: Energiasisaldus 664 kJ \/ 157 kcal Rasvad 1,1g [&hellip;]<\/p>\n","protected":false},"featured_media":2919,"template":"","meta":[],"product_brand":[],"product_cat":[307],"product_tag":[],"class_list":{"0":"post-2890","1":"product","2":"type-product","3":"status-publish","4":"has-post-thumbnail","6":"product_cat-maitseainesegud","8":"first","9":"outofstock","10":"taxable","11":"shipping-taxable","12":"purchasable","13":"product-type-simple"},"_links":{"self":[{"href":"https:\/\/pipraveski.ee\/en\/wp-json\/wp\/v2\/product\/2890","targetHints":{"allow":["GET"]}}],"collection":[{"href":"https:\/\/pipraveski.ee\/en\/wp-json\/wp\/v2\/product"}],"about":[{"href":"https:\/\/pipraveski.ee\/en\/wp-json\/wp\/v2\/types\/product"}],"wp:featuredmedia":[{"embeddable":true,"href":"https:\/\/pipraveski.ee\/en\/wp-json\/wp\/v2\/media\/2919"}],"wp:attachment":[{"href":"https:\/\/pipraveski.ee\/en\/wp-json\/wp\/v2\/media?parent=2890"}],"wp:term":[{"taxonomy":"product_brand","embeddable":true,"href":"https:\/\/pipraveski.ee\/en\/wp-json\/wp\/v2\/product_brand?post=2890"},{"taxonomy":"product_cat","embeddable":true,"href":"https:\/\/pipraveski.ee\/en\/wp-json\/wp\/v2\/product_cat?post=2890"},{"taxonomy":"product_tag","embeddable":true,"href":"https:\/\/pipraveski.ee\/en\/wp-json\/wp\/v2\/product_tag?post=2890"}],"curies":[{"name":"wp","href":"https:\/\/api.w.org\/{rel}","templated":true}]}}