{"id":2887,"date":"2025-10-22T19:12:10","date_gmt":"2025-10-22T16:12:10","guid":{"rendered":"https:\/\/pipraveski.ee\/?post_type=product&#038;p=2887"},"modified":"2026-04-17T11:31:50","modified_gmt":"2026-04-17T08:31:50","slug":"tsillihelbed-heera-150g","status":"publish","type":"product","link":"https:\/\/pipraveski.ee\/en\/product\/tsillihelbed-heera-150g\/","title":{"rendered":"T\u0161illihelbed, Heera, 150g"},"content":{"rendered":"<p>Kuivatatud peenestatud t\u0161illikaunad (teravusega ca 35000 SHU).<\/p>\n<p>Maitsestamiseks ning kaunistamiseks soolastele ning magusatele toitudele, kuhu iganes teravust vaja lisada: mehhiko ja aasia toidud, salsad, tsatnid, salatid, liha, kana, kala, supid, kastmed v\u00f5i kasv\u00f5i j\u00e4\u00e4tisele, \u0161okolaadikoogile.<\/p>","protected":false},"excerpt":{"rendered":"<p>Kuivatatud peenestatud t\u0161illikaunad.<\/p>","protected":false},"featured_media":6048,"template":"","meta":[],"product_brand":[240],"product_cat":[338],"product_tag":[],"class_list":{"0":"post-2887","1":"product","2":"type-product","3":"status-publish","4":"has-post-thumbnail","6":"product_brand-heera","7":"product_cat-puhtad-maitsed","9":"first","10":"outofstock","11":"taxable","12":"shipping-taxable","13":"purchasable","14":"product-type-simple"},"_links":{"self":[{"href":"https:\/\/pipraveski.ee\/en\/wp-json\/wp\/v2\/product\/2887","targetHints":{"allow":["GET"]}}],"collection":[{"href":"https:\/\/pipraveski.ee\/en\/wp-json\/wp\/v2\/product"}],"about":[{"href":"https:\/\/pipraveski.ee\/en\/wp-json\/wp\/v2\/types\/product"}],"wp:featuredmedia":[{"embeddable":true,"href":"https:\/\/pipraveski.ee\/en\/wp-json\/wp\/v2\/media\/6048"}],"wp:attachment":[{"href":"https:\/\/pipraveski.ee\/en\/wp-json\/wp\/v2\/media?parent=2887"}],"wp:term":[{"taxonomy":"product_brand","embeddable":true,"href":"https:\/\/pipraveski.ee\/en\/wp-json\/wp\/v2\/product_brand?post=2887"},{"taxonomy":"product_cat","embeddable":true,"href":"https:\/\/pipraveski.ee\/en\/wp-json\/wp\/v2\/product_cat?post=2887"},{"taxonomy":"product_tag","embeddable":true,"href":"https:\/\/pipraveski.ee\/en\/wp-json\/wp\/v2\/product_tag?post=2887"}],"curies":[{"name":"wp","href":"https:\/\/api.w.org\/{rel}","templated":true}]}}