{"id":2852,"date":"2025-10-22T19:11:54","date_gmt":"2025-10-22T16:11:54","guid":{"rendered":"https:\/\/pipraveski.ee\/?post_type=product&#038;p=2852"},"modified":"2026-04-17T11:32:24","modified_gmt":"2026-04-17T08:32:24","slug":"tee-kummeli-20g","status":"publish","type":"product","link":"https:\/\/pipraveski.ee\/en\/product\/tee-kummeli-20g\/","title":{"rendered":"Tea, Chamomile, 20g"},"content":{"rendered":"<p>Kummel kuivatatud lillena on kofeiinivaba kuum v\u00f5i k\u00fclm jook igal aastaajal. N\u00e4gu saab hellitada ka kummelivanni kuuma auruga. Pakume v\u00e4ga kvaliteetset kummeli. Infusioon vabastab oma t\u00fc\u00fcpilise kummeli iseloomu eriti intensiivselt. Kummeli suurem ja visuaalselt silmatorkavam \u00f5de, Rooma kummel, ei ole maitse poolest mingil moel halvem, vaid on eelistatud dekoratiivsetel eesm\u00e4rkidel.<\/p>\n<p>&nbsp;5-10 minutit keetmisaega 100 \u00b0C vee temperatuur 4-5 tl liitri kohta.<\/p>","protected":false},"excerpt":{"rendered":"<p>Kummel kuivatatud lillena on kofeiinivaba kuum v\u00f5i k\u00fclm jook igal aastaajal. N\u00e4gu saab hellitada ka kummelivanni kuuma auruga. Pakume v\u00e4ga kvaliteetset kummeli. Infusioon vabastab oma t\u00fc\u00fcpilise kummeli iseloomu eriti intensiivselt. Kummeli suurem ja visuaalselt silmatorkavam \u00f5de, Rooma kummel, ei ole maitse poolest mingil moel halvem, vaid on eelistatud dekoratiivsetel eesm\u00e4rkidel. &nbsp;5-10 minutit keetmisaega 100 \u00b0C [&hellip;]<\/p>\n","protected":false},"featured_media":2883,"template":"","meta":[],"product_brand":[],"product_cat":[327],"product_tag":[],"class_list":{"0":"post-2852","1":"product","2":"type-product","3":"status-publish","4":"has-post-thumbnail","6":"product_cat-kohv-tee","8":"first","9":"instock","10":"taxable","11":"shipping-taxable","12":"purchasable","13":"product-type-simple"},"_links":{"self":[{"href":"https:\/\/pipraveski.ee\/en\/wp-json\/wp\/v2\/product\/2852","targetHints":{"allow":["GET"]}}],"collection":[{"href":"https:\/\/pipraveski.ee\/en\/wp-json\/wp\/v2\/product"}],"about":[{"href":"https:\/\/pipraveski.ee\/en\/wp-json\/wp\/v2\/types\/product"}],"wp:featuredmedia":[{"embeddable":true,"href":"https:\/\/pipraveski.ee\/en\/wp-json\/wp\/v2\/media\/2883"}],"wp:attachment":[{"href":"https:\/\/pipraveski.ee\/en\/wp-json\/wp\/v2\/media?parent=2852"}],"wp:term":[{"taxonomy":"product_brand","embeddable":true,"href":"https:\/\/pipraveski.ee\/en\/wp-json\/wp\/v2\/product_brand?post=2852"},{"taxonomy":"product_cat","embeddable":true,"href":"https:\/\/pipraveski.ee\/en\/wp-json\/wp\/v2\/product_cat?post=2852"},{"taxonomy":"product_tag","embeddable":true,"href":"https:\/\/pipraveski.ee\/en\/wp-json\/wp\/v2\/product_tag?post=2852"}],"curies":[{"name":"wp","href":"https:\/\/api.w.org\/{rel}","templated":true}]}}