{"id":2850,"date":"2025-10-22T19:11:54","date_gmt":"2025-10-22T16:11:54","guid":{"rendered":"https:\/\/pipraveski.ee\/?post_type=product&#038;p=2850"},"modified":"2026-04-17T11:32:36","modified_gmt":"2026-04-17T08:32:36","slug":"sambal-oelek-windmill-750g","status":"publish","type":"product","link":"https:\/\/pipraveski.ee\/en\/product\/sambal-oelek-windmill-750g\/","title":{"rendered":"Sambal Oelek, Windmill, 750g"},"content":{"rendered":"<p>T\u0161illip\u00fcree.<\/p>\n<p>Koostisosad: T\u0161illi 86%, sool, happesuseregulaator: E260,E330. E211<\/p>\n<p>Nutrition information per 100g:<br \/>\nEnergiasisaldus 180KJ\/45kcal<br \/>\nFats 1,4g<br \/>\nmillest k\u00fcllastunud rasvhappeid 0,5g<br \/>\nS\u00fcsivesikuid 3g<br \/>\nmillest suhkruid 2,5g<br \/>\nProtein 2g<br \/>\nSool 11,3g<\/p>","protected":false},"excerpt":{"rendered":"<p>T\u0161illip\u00fcree. Koostisosad: T\u0161illi 86%, sool, happesuseregulaator: E260,E330. E211 Toitumisalane teave 100g kohta: Energiasisaldus 180KJ\/45kcal Rasvad 1,4g millest k\u00fcllastunud rasvhappeid 0,5g S\u00fcsivesikuid 3g millest suhkruid 2,5g Valgud 2g Sool 11,3g<\/p>","protected":false},"featured_media":2881,"template":"","meta":[],"product_brand":[],"product_cat":[317],"product_tag":[],"class_list":{"0":"post-2850","1":"product","2":"type-product","3":"status-publish","4":"has-post-thumbnail","6":"product_cat-kastmed-sinepid-tsatnid","8":"first","9":"instock","10":"taxable","11":"shipping-taxable","12":"purchasable","13":"product-type-simple"},"_links":{"self":[{"href":"https:\/\/pipraveski.ee\/en\/wp-json\/wp\/v2\/product\/2850","targetHints":{"allow":["GET"]}}],"collection":[{"href":"https:\/\/pipraveski.ee\/en\/wp-json\/wp\/v2\/product"}],"about":[{"href":"https:\/\/pipraveski.ee\/en\/wp-json\/wp\/v2\/types\/product"}],"wp:featuredmedia":[{"embeddable":true,"href":"https:\/\/pipraveski.ee\/en\/wp-json\/wp\/v2\/media\/2881"}],"wp:attachment":[{"href":"https:\/\/pipraveski.ee\/en\/wp-json\/wp\/v2\/media?parent=2850"}],"wp:term":[{"taxonomy":"product_brand","embeddable":true,"href":"https:\/\/pipraveski.ee\/en\/wp-json\/wp\/v2\/product_brand?post=2850"},{"taxonomy":"product_cat","embeddable":true,"href":"https:\/\/pipraveski.ee\/en\/wp-json\/wp\/v2\/product_cat?post=2850"},{"taxonomy":"product_tag","embeddable":true,"href":"https:\/\/pipraveski.ee\/en\/wp-json\/wp\/v2\/product_tag?post=2850"}],"curies":[{"name":"wp","href":"https:\/\/api.w.org\/{rel}","templated":true}]}}