{"id":2847,"date":"2025-10-22T19:11:54","date_gmt":"2025-10-22T16:11:54","guid":{"rendered":"https:\/\/pipraveski.ee\/?post_type=product&#038;p=2847"},"modified":"2026-04-17T11:32:26","modified_gmt":"2026-04-17T08:32:26","slug":"klaasist-vurtside-dosaator-jahvatusveskiga","status":"publish","type":"product","link":"https:\/\/pipraveski.ee\/en\/product\/klaasist-vurtside-dosaator-jahvatusveskiga\/","title":{"rendered":"Glass spice dispenser with grinding mill"},"content":{"rendered":"<p>Klaasist v\u00fcrtside dosaator jahvatusveskiga.<\/p>\n<p>Oma lihvimisveski kinnitusega on see stiilne ja samal ajal praktiline klaasist v\u00fcrtsiveski.<br \/>\nVeski tihedalt paigaldud seade hoiab meeldivad maitsed pikka aega v\u00e4rskena.<\/p>\n<p>T\u00e4nu jahvatusveski kruvikeeratavale kinnitusele saate seda mitme v\u00fcrtsiveskit alati uute v\u00fcrtsidega uuesti t\u00e4ita.<br \/>\nVeski t\u00f6\u00f6tab sujuvalt ja saab v\u00e4ga h\u00e4sti hakkama k\u00f5vade v\u00fcrtsidega, nagu pipraterad, k\u00f6\u00f6mned v\u00f5i j\u00e4medateraline sool.&nbsp;<br \/>\nV\u00fcrtside loksuti klaasi maht on t\u00e4pselt piisav meie <strong>50g<\/strong> maitseainekottide jaoks.<\/p>\n<p>\n<strong>M\u00f5\u00f5dud, k\u00f5rgus:<\/strong> 140mm, l\u00e4bim\u00f5\u00f5t: 40mm<\/p>","protected":false},"excerpt":{"rendered":"<p>Klaasist v\u00fcrtside dosaator jahvatusveskiga. Oma lihvimisveski kinnitusega on see stiilne ja samal ajal praktiline klaasist v\u00fcrtsiveski. Veski tihedalt paigaldud seade hoiab meeldivad maitsed pikka aega v\u00e4rskena. T\u00e4nu jahvatusveski kruvikeeratavale kinnitusele saate seda mitme v\u00fcrtsiveskit alati uute v\u00fcrtsidega uuesti t\u00e4ita. Veski t\u00f6\u00f6tab sujuvalt ja saab v\u00e4ga h\u00e4sti hakkama k\u00f5vade v\u00fcrtsidega, nagu pipraterad, k\u00f6\u00f6mned v\u00f5i j\u00e4medateraline sool.&nbsp; [&hellip;]<\/p>\n","protected":false},"featured_media":2878,"template":"","meta":[],"product_brand":[],"product_cat":[330],"product_tag":[],"class_list":{"0":"post-2847","1":"product","2":"type-product","3":"status-publish","4":"has-post-thumbnail","6":"product_cat-koogitarvikud","8":"first","9":"outofstock","10":"taxable","11":"shipping-taxable","12":"purchasable","13":"product-type-simple"},"_links":{"self":[{"href":"https:\/\/pipraveski.ee\/en\/wp-json\/wp\/v2\/product\/2847","targetHints":{"allow":["GET"]}}],"collection":[{"href":"https:\/\/pipraveski.ee\/en\/wp-json\/wp\/v2\/product"}],"about":[{"href":"https:\/\/pipraveski.ee\/en\/wp-json\/wp\/v2\/types\/product"}],"wp:featuredmedia":[{"embeddable":true,"href":"https:\/\/pipraveski.ee\/en\/wp-json\/wp\/v2\/media\/2878"}],"wp:attachment":[{"href":"https:\/\/pipraveski.ee\/en\/wp-json\/wp\/v2\/media?parent=2847"}],"wp:term":[{"taxonomy":"product_brand","embeddable":true,"href":"https:\/\/pipraveski.ee\/en\/wp-json\/wp\/v2\/product_brand?post=2847"},{"taxonomy":"product_cat","embeddable":true,"href":"https:\/\/pipraveski.ee\/en\/wp-json\/wp\/v2\/product_cat?post=2847"},{"taxonomy":"product_tag","embeddable":true,"href":"https:\/\/pipraveski.ee\/en\/wp-json\/wp\/v2\/product_tag?post=2847"}],"curies":[{"name":"wp","href":"https:\/\/api.w.org\/{rel}","templated":true}]}}