{"id":2843,"date":"2025-10-22T19:11:54","date_gmt":"2025-10-22T16:11:54","guid":{"rendered":"https:\/\/pipraveski.ee\/?post_type=product&#038;p=2843"},"modified":"2026-04-17T11:33:09","modified_gmt":"2026-04-17T08:33:09","slug":"pipraveski-capstan-hele-puit-20cm-cole-and-mason","status":"publish","type":"product","link":"https:\/\/pipraveski.ee\/en\/product\/pipraveski-capstan-hele-puit-20cm-cole-and-mason\/","title":{"rendered":"Pipe mill Capstan, light wood, 20cm, Cole and Mason"},"content":{"rendered":"<p style=\"min-height: 0px;margin: 0px;padding: 0px;, sans-serif;font-size: 16px;text-align: justify\"><span style=\"font-family: Roboto, sans-serif;font-size: 18px\">Klassikalise kujuga puidust pipraveski, mis lisab koheselt stiili igale s\u00f6\u00f6gilauale, j\u00e4\u00e4des samas hindamatuks igap\u00e4evaseks k\u00f6\u00f6git\u00f6\u00f6riistaks. \u00b7 Sisaldab s\u00fcsinikterasest Cole &amp; Mason Precision mehhanismi, mis eemaldab pipraterad purustamise asemel, tagades maksimaalse maitse vabanemise igal sammul. \u00b7 Valmistatud kvaliteetsest s\u00e4\u00e4stva p\u00e4ritoluga p\u00f6\u00f6kpuust, poleeritud ja viimistletud lihtsalt l\u00e4bipaistva lakiga, et puidus\u00fc\u00fc loomulikku soojust r\u00f5hutada.Puhastamiseks p\u00fchkige niiske lapiga ja kasutage kuivatamiseks puhtaid lappe. Soovitame mitte kasutada puhastusvahendeid, kuna need v\u00f5ivad m\u00f5jutada toote viimistlust. \u00c4rge kastke vette ega pange n\u00f5udepesumasinasse. Beech Capstan 200mm PM \u2013 200mm P x 58mm L x 58mm K.<\/span><\/p>","protected":false},"excerpt":{"rendered":"<p>Klassikalise kujuga puidust pipraveski, mis lisab koheselt stiili igale s\u00f6\u00f6gilauale, j\u00e4\u00e4des samas hindamatuks igap\u00e4evaseks k\u00f6\u00f6git\u00f6\u00f6riistaks. \u00b7 Sisaldab s\u00fcsinikterasest Cole &amp; Mason Precision mehhanismi, mis eemaldab pipraterad purustamise asemel, tagades maksimaalse maitse vabanemise igal sammul. \u00b7 Valmistatud kvaliteetsest s\u00e4\u00e4stva p\u00e4ritoluga p\u00f6\u00f6kpuust, poleeritud ja viimistletud lihtsalt l\u00e4bipaistva lakiga, et puidus\u00fc\u00fc loomulikku soojust r\u00f5hutada.Puhastamiseks p\u00fchkige niiske lapiga ja [&hellip;]<\/p>\n","protected":false},"featured_media":2874,"template":"","meta":[],"product_brand":[247],"product_cat":[330],"product_tag":[],"class_list":{"0":"post-2843","1":"product","2":"type-product","3":"status-publish","4":"has-post-thumbnail","6":"product_brand-cole-mason","7":"product_cat-koogitarvikud","9":"first","10":"outofstock","11":"taxable","12":"shipping-taxable","13":"purchasable","14":"product-type-simple"},"_links":{"self":[{"href":"https:\/\/pipraveski.ee\/en\/wp-json\/wp\/v2\/product\/2843","targetHints":{"allow":["GET"]}}],"collection":[{"href":"https:\/\/pipraveski.ee\/en\/wp-json\/wp\/v2\/product"}],"about":[{"href":"https:\/\/pipraveski.ee\/en\/wp-json\/wp\/v2\/types\/product"}],"wp:featuredmedia":[{"embeddable":true,"href":"https:\/\/pipraveski.ee\/en\/wp-json\/wp\/v2\/media\/2874"}],"wp:attachment":[{"href":"https:\/\/pipraveski.ee\/en\/wp-json\/wp\/v2\/media?parent=2843"}],"wp:term":[{"taxonomy":"product_brand","embeddable":true,"href":"https:\/\/pipraveski.ee\/en\/wp-json\/wp\/v2\/product_brand?post=2843"},{"taxonomy":"product_cat","embeddable":true,"href":"https:\/\/pipraveski.ee\/en\/wp-json\/wp\/v2\/product_cat?post=2843"},{"taxonomy":"product_tag","embeddable":true,"href":"https:\/\/pipraveski.ee\/en\/wp-json\/wp\/v2\/product_tag?post=2843"}],"curies":[{"name":"wp","href":"https:\/\/api.w.org\/{rel}","templated":true}]}}