{"id":2840,"date":"2025-10-22T19:11:54","date_gmt":"2025-10-22T16:11:54","guid":{"rendered":"https:\/\/pipraveski.ee\/?post_type=product&#038;p=2840"},"modified":"2026-04-17T11:31:55","modified_gmt":"2026-04-17T08:31:55","slug":"tsillikaunad-jalapeno-soolvees-220g","status":"publish","type":"product","link":"https:\/\/pipraveski.ee\/en\/product\/tsillikaunad-jalapeno-soolvees-220g\/","title":{"rendered":"Chillies Jalape\u00f1o, in brine, 220g"},"content":{"rendered":"<div>V\u00e4rskelt marineeritud terve jalape\u00f1o paprika. Briljantne maitse ja aroom. Ideaalne iseseisvalt s\u00f6\u00f6miseks v\u00f5i salatites ja salsades kasutamiseks.<\/div>\n<div>&nbsp;<\/div>\n<div>(220g tina \u2013 n\u00f5rutatud kaal 121g)<\/div>\n<div>&nbsp;<\/div>\n<div>Shelf life \/ Storage<\/div>\n<div>Tootele tr\u00fckitud k\u00f5lblikkusaeg viitab k\u00fclmutamata ladustatud avamata tootele. P\u00e4rast avamist v\u00f5ib toodet s\u00e4ilitada v\u00e4hemalt 3 kuud, kui seda hoitakse temperatuuril alla 7\u00b0C. Veenduge, et toode oleks hapukurgilahusega t\u00e4ielikult kaetud. Kui soolvesi hakkab muutuma piimjasvalgeks, viitab see piimhappebakteritele. Kui see juhtub, visake toode \u00e4ra.<\/div>\n<div>&nbsp;<\/div>\n<div>Kuidas kasutada: L\u00f5ika jalape\u00f1od pikuti, eemalda seemned ja t\u00e4ida k\u00fc\u00fcslauguga segatud toorjuustuga. T\u00e4iuslikud kerged suupisted igaks peoks.<\/div>\n<div>\nKoostisosad: Jalopeno piprad, vesi, \u00e4\u00e4dikas, jodeeritud sool, sibul, v\u00fcrtsid, <b>SOJA<\/b>\u00f5li.<br \/>\n&nbsp;<\/div>\n<div>Nutrition information per 100g<\/div>\n<div>Kalorid kJ \/ kcal 69,92 \/ 16,7<\/div>\n<div>Rasv 0,0 g<\/div>\n<div>K\u00fcllastunud rasvhapped 0,0g<\/div>\n<div>Carbohydrates 3,3g<\/div>\n<div>Sugar 0,0 g<\/div>\n<div>Valk 0,0 g<\/div>\n<div>Sool 3,17g<\/div>","protected":false},"excerpt":{"rendered":"<p>V\u00e4rskelt marineeritud terve jalape\u00f1o pipar. Briljantne maitse ja aroom. Ideaalne iseseisvalt s\u00f6\u00f6miseks v\u00f5i salatites ja salsades kasutamiseks<\/p>","protected":false},"featured_media":2871,"template":"","meta":[],"product_brand":[],"product_cat":[323],"product_tag":[],"class_list":{"0":"post-2840","1":"product","2":"type-product","3":"status-publish","4":"has-post-thumbnail","6":"product_cat-konservid","8":"first","9":"instock","10":"taxable","11":"shipping-taxable","12":"purchasable","13":"product-type-simple"},"_links":{"self":[{"href":"https:\/\/pipraveski.ee\/en\/wp-json\/wp\/v2\/product\/2840","targetHints":{"allow":["GET"]}}],"collection":[{"href":"https:\/\/pipraveski.ee\/en\/wp-json\/wp\/v2\/product"}],"about":[{"href":"https:\/\/pipraveski.ee\/en\/wp-json\/wp\/v2\/types\/product"}],"wp:featuredmedia":[{"embeddable":true,"href":"https:\/\/pipraveski.ee\/en\/wp-json\/wp\/v2\/media\/2871"}],"wp:attachment":[{"href":"https:\/\/pipraveski.ee\/en\/wp-json\/wp\/v2\/media?parent=2840"}],"wp:term":[{"taxonomy":"product_brand","embeddable":true,"href":"https:\/\/pipraveski.ee\/en\/wp-json\/wp\/v2\/product_brand?post=2840"},{"taxonomy":"product_cat","embeddable":true,"href":"https:\/\/pipraveski.ee\/en\/wp-json\/wp\/v2\/product_cat?post=2840"},{"taxonomy":"product_tag","embeddable":true,"href":"https:\/\/pipraveski.ee\/en\/wp-json\/wp\/v2\/product_tag?post=2840"}],"curies":[{"name":"wp","href":"https:\/\/api.w.org\/{rel}","templated":true}]}}