{"id":2836,"date":"2025-10-22T19:11:54","date_gmt":"2025-10-22T16:11:54","guid":{"rendered":"https:\/\/pipraveski.ee\/?post_type=product&#038;p=2836"},"modified":"2026-04-17T11:33:05","modified_gmt":"2026-04-17T08:33:05","slug":"teekarud-soo-voi-joo-ingveri-sidruni-maitselised-100g","status":"publish","type":"product","link":"https:\/\/pipraveski.ee\/en\/product\/teekarud-soo-voi-joo-ingveri-sidruni-maitselised-100g\/","title":{"rendered":"Teekarud &#8220;S\u00f6\u00f6 v\u00f5i joo&#8221; Ingveri- sidruni maitselised, 100g"},"content":{"rendered":"<p><strong>Ingredients:<\/strong>&nbsp;suhkur, gl\u00fckoosisiirup, \u017eelatiin, vesi, kontsentreeritud valge viinamarjamahl, hapendaja: sidrunhape, l\u00f5hna- ja maitseaine, valge tee ekstrakt, puuvilja magusaine kontsentreeritud \u00f5unamahlast, taimeekstraktid (safloor), \u00f5unamahla kontsentraat, ingverijuure ekstrakt (0,1%), kontsentreeritud pirnimahl, kontsentreeritud aprikoosimahl, glasuuriaine: karnaubavaha, ingveri\u00f5li<\/p>\n<p>To make a hot drink, mix one to three bears in a mug of hot water. Alternatively, Tea Bears can also be enjoyed as a particularly delicious fruit drink!<\/p>\n<p>Nutrition information per 100 g<br \/>\nEnergiasisaldus 1503 kj\/ 354kcal<br \/>\nFats 0,5 g<br \/>\nof which saturated fatty acids 0,4g<br \/>\nCarbohydrates 81g<br \/>\nof which sugars 72g<br \/>\nProtein 4,8 g<br \/>\nSalt 0,09g<\/p>","protected":false},"excerpt":{"rendered":"<p>Our tea carts are uniquely versatile and very popular! <\/p>","protected":false},"featured_media":2866,"template":"","meta":[],"product_brand":[],"product_cat":[327],"product_tag":[],"class_list":{"0":"post-2836","1":"product","2":"type-product","3":"status-publish","4":"has-post-thumbnail","6":"product_cat-kohv-tee","8":"first","9":"outofstock","10":"taxable","11":"shipping-taxable","12":"purchasable","13":"product-type-simple"},"_links":{"self":[{"href":"https:\/\/pipraveski.ee\/en\/wp-json\/wp\/v2\/product\/2836","targetHints":{"allow":["GET"]}}],"collection":[{"href":"https:\/\/pipraveski.ee\/en\/wp-json\/wp\/v2\/product"}],"about":[{"href":"https:\/\/pipraveski.ee\/en\/wp-json\/wp\/v2\/types\/product"}],"wp:featuredmedia":[{"embeddable":true,"href":"https:\/\/pipraveski.ee\/en\/wp-json\/wp\/v2\/media\/2866"}],"wp:attachment":[{"href":"https:\/\/pipraveski.ee\/en\/wp-json\/wp\/v2\/media?parent=2836"}],"wp:term":[{"taxonomy":"product_brand","embeddable":true,"href":"https:\/\/pipraveski.ee\/en\/wp-json\/wp\/v2\/product_brand?post=2836"},{"taxonomy":"product_cat","embeddable":true,"href":"https:\/\/pipraveski.ee\/en\/wp-json\/wp\/v2\/product_cat?post=2836"},{"taxonomy":"product_tag","embeddable":true,"href":"https:\/\/pipraveski.ee\/en\/wp-json\/wp\/v2\/product_tag?post=2836"}],"curies":[{"name":"wp","href":"https:\/\/api.w.org\/{rel}","templated":true}]}}