{"id":2833,"date":"2025-10-22T19:11:54","date_gmt":"2025-10-22T16:11:54","guid":{"rendered":"https:\/\/pipraveski.ee\/?post_type=product&#038;p=2833"},"modified":"2026-04-17T11:33:10","modified_gmt":"2026-04-17T08:33:10","slug":"tee-iisop-20g","status":"publish","type":"product","link":"https:\/\/pipraveski.ee\/en\/product\/tee-iisop-20g\/","title":{"rendered":"Tea, Iisop, 20g"},"content":{"rendered":"<p>Rahvaravis on kasutatud r\u00f6galahtistina,palavikualandajana, seedimist soodustavana, herpese ja mikroobide h\u00e4vitajana, immuunsuss\u00fcsteemi tugevdajana. Iisop on tuntud ka lik\u00f6\u00f6ri- ja veiniv\u00fcrtsina. Taimes on rohkesti parkaineid, pigmente, gl\u00fckosiide, m\u00f5ruaineid, flavonoide, orgaanilisi happeid ja C-vitamiini.<\/p>\n<p>Ei tohi anda v\u00e4ikestele lastele, kasutada raseduse ajal ja samuti ei soovitata kasutata neeruhaiguste korral ja k\u00f5rge verer\u00f5hu all kannatajatel. Teed soovitatakse juua maksimaalselt kaks n\u00e4dalat j\u00e4rjest ja siis pidada kuu aega pausi<\/p>","protected":false},"excerpt":{"rendered":"<p>Hyssop is a spice, medicinal and beauty plant.<\/p>","protected":false},"featured_media":2863,"template":"","meta":[],"product_brand":[],"product_cat":[327],"product_tag":[],"class_list":{"0":"post-2833","1":"product","2":"type-product","3":"status-publish","4":"has-post-thumbnail","6":"product_cat-kohv-tee","8":"first","9":"instock","10":"sale","11":"taxable","12":"shipping-taxable","13":"purchasable","14":"product-type-simple"},"_links":{"self":[{"href":"https:\/\/pipraveski.ee\/en\/wp-json\/wp\/v2\/product\/2833","targetHints":{"allow":["GET"]}}],"collection":[{"href":"https:\/\/pipraveski.ee\/en\/wp-json\/wp\/v2\/product"}],"about":[{"href":"https:\/\/pipraveski.ee\/en\/wp-json\/wp\/v2\/types\/product"}],"wp:featuredmedia":[{"embeddable":true,"href":"https:\/\/pipraveski.ee\/en\/wp-json\/wp\/v2\/media\/2863"}],"wp:attachment":[{"href":"https:\/\/pipraveski.ee\/en\/wp-json\/wp\/v2\/media?parent=2833"}],"wp:term":[{"taxonomy":"product_brand","embeddable":true,"href":"https:\/\/pipraveski.ee\/en\/wp-json\/wp\/v2\/product_brand?post=2833"},{"taxonomy":"product_cat","embeddable":true,"href":"https:\/\/pipraveski.ee\/en\/wp-json\/wp\/v2\/product_cat?post=2833"},{"taxonomy":"product_tag","embeddable":true,"href":"https:\/\/pipraveski.ee\/en\/wp-json\/wp\/v2\/product_tag?post=2833"}],"curies":[{"name":"wp","href":"https:\/\/api.w.org\/{rel}","templated":true}]}}