{"id":2827,"date":"2025-10-22T19:11:54","date_gmt":"2025-10-22T16:11:54","guid":{"rendered":"https:\/\/pipraveski.ee\/?post_type=product&#038;p=2827"},"modified":"2026-04-17T11:33:15","modified_gmt":"2026-04-17T08:33:15","slug":"nelk-jahvatatud-20g","status":"publish","type":"product","link":"https:\/\/pipraveski.ee\/en\/product\/nelk-jahvatatud-20g\/","title":{"rendered":"Nelk, jahvatatud, HELA, 20g"},"content":{"rendered":"<p>Nelgil on suur eeterlike \u00f5lide sisaldus- kuni 20%, mis annab eriti tugeva maitse ja l\u00f5hna.<br \/>\nMeie toidulaual on enimlevinud piparkoogitaignas, marinaadides ning h\u00f5\u00f5gveinisegus.<br \/>\nKuna nelgi toimeained eralduvad \u00fcsna kiiresti, on k\u00f5ige kasulikum teda kuumale toidule lisada valmistamise l\u00f5ppj\u00e4rgus.<\/p>\n<p>Gl\u00fckoosivaba.<br \/>\nLaktoosivaba.<\/p>","protected":false},"excerpt":{"rendered":"<p>Nelgil on suur eeterlike \u00f5lide sisaldus- kuni 20%, mis annab eriti tugeva maitse ja l\u00f5hna. Meie toidulaual on enimlevinud piparkoogitaignas, marinaadides ning h\u00f5\u00f5gveinisegus. Kuna nelgi toimeained eralduvad \u00fcsna kiiresti, on k\u00f5ige kasulikum teda kuumale toidule lisada valmistamise l\u00f5ppj\u00e4rgus. Gl\u00fckoosivaba. Laktoosivaba.<\/p>","protected":false},"featured_media":2857,"template":"","meta":[],"product_brand":[244],"product_cat":[338],"product_tag":[],"class_list":{"0":"post-2827","1":"product","2":"type-product","3":"status-publish","4":"has-post-thumbnail","6":"product_brand-hela","7":"product_cat-puhtad-maitsed","9":"first","10":"instock","11":"taxable","12":"shipping-taxable","13":"purchasable","14":"product-type-simple"},"_links":{"self":[{"href":"https:\/\/pipraveski.ee\/en\/wp-json\/wp\/v2\/product\/2827","targetHints":{"allow":["GET"]}}],"collection":[{"href":"https:\/\/pipraveski.ee\/en\/wp-json\/wp\/v2\/product"}],"about":[{"href":"https:\/\/pipraveski.ee\/en\/wp-json\/wp\/v2\/types\/product"}],"wp:featuredmedia":[{"embeddable":true,"href":"https:\/\/pipraveski.ee\/en\/wp-json\/wp\/v2\/media\/2857"}],"wp:attachment":[{"href":"https:\/\/pipraveski.ee\/en\/wp-json\/wp\/v2\/media?parent=2827"}],"wp:term":[{"taxonomy":"product_brand","embeddable":true,"href":"https:\/\/pipraveski.ee\/en\/wp-json\/wp\/v2\/product_brand?post=2827"},{"taxonomy":"product_cat","embeddable":true,"href":"https:\/\/pipraveski.ee\/en\/wp-json\/wp\/v2\/product_cat?post=2827"},{"taxonomy":"product_tag","embeddable":true,"href":"https:\/\/pipraveski.ee\/en\/wp-json\/wp\/v2\/product_tag?post=2827"}],"curies":[{"name":"wp","href":"https:\/\/api.w.org\/{rel}","templated":true}]}}