{"id":2792,"date":"2025-10-22T19:11:41","date_gmt":"2025-10-22T16:11:41","guid":{"rendered":"https:\/\/pipraveski.ee\/?post_type=product&#038;p=2792"},"modified":"2026-04-17T11:31:49","modified_gmt":"2026-04-17T08:31:49","slug":"paprika-suitsutatud-jahvatatud-150g","status":"publish","type":"product","link":"https:\/\/pipraveski.ee\/en\/product\/paprika-suitsutatud-jahvatatud-150g\/","title":{"rendered":"Paprika, suitsutatud, jahvatatud, 150g"},"content":{"rendered":"<p>Magusa-suitsuse maitsega kvaliteetne ja populaarne Ungari paprikapulber.<br \/>\nTraditsiooniliselt kasutati suitsutatud paprikat chorizo vorsti ning paella maitsestamiseks.<\/p>\n<p>Suitsupaprika sobib h\u00e4sti gulja\u0161i, linnuliha, k\u00f6\u00f6givilja ja kalatoitude v\u00f5i marinaadide, dipikastmete jmt maitsestamiseks.&nbsp;<\/p>","protected":false},"excerpt":{"rendered":"<p>Magusa-suitsuse maitsega kvaliteetne ja populaarne Ungari paprikapulber. Traditsiooniliselt kasutati suitsutatud paprikat chorizo vorsti ning paella maitsestamiseks. Suitsupaprika sobib h\u00e4sti gulja\u0161i, linnuliha, k\u00f6\u00f6givilja ja kalatoitude v\u00f5i marinaadide, dipikastmete jmt maitsestamiseks.&nbsp;<\/p>","protected":false},"featured_media":2821,"template":"","meta":[],"product_brand":[],"product_cat":[338],"product_tag":[],"class_list":{"0":"post-2792","1":"product","2":"type-product","3":"status-publish","4":"has-post-thumbnail","6":"product_cat-puhtad-maitsed","8":"first","9":"instock","10":"taxable","11":"shipping-taxable","12":"purchasable","13":"product-type-simple"},"_links":{"self":[{"href":"https:\/\/pipraveski.ee\/en\/wp-json\/wp\/v2\/product\/2792","targetHints":{"allow":["GET"]}}],"collection":[{"href":"https:\/\/pipraveski.ee\/en\/wp-json\/wp\/v2\/product"}],"about":[{"href":"https:\/\/pipraveski.ee\/en\/wp-json\/wp\/v2\/types\/product"}],"wp:featuredmedia":[{"embeddable":true,"href":"https:\/\/pipraveski.ee\/en\/wp-json\/wp\/v2\/media\/2821"}],"wp:attachment":[{"href":"https:\/\/pipraveski.ee\/en\/wp-json\/wp\/v2\/media?parent=2792"}],"wp:term":[{"taxonomy":"product_brand","embeddable":true,"href":"https:\/\/pipraveski.ee\/en\/wp-json\/wp\/v2\/product_brand?post=2792"},{"taxonomy":"product_cat","embeddable":true,"href":"https:\/\/pipraveski.ee\/en\/wp-json\/wp\/v2\/product_cat?post=2792"},{"taxonomy":"product_tag","embeddable":true,"href":"https:\/\/pipraveski.ee\/en\/wp-json\/wp\/v2\/product_tag?post=2792"}],"curies":[{"name":"wp","href":"https:\/\/api.w.org\/{rel}","templated":true}]}}