{"id":2791,"date":"2025-10-22T19:11:41","date_gmt":"2025-10-22T16:11:41","guid":{"rendered":"https:\/\/pipraveski.ee\/?post_type=product&#038;p=2791"},"modified":"2026-04-17T11:32:09","modified_gmt":"2026-04-17T08:32:09","slug":"ingverikommid-56g","status":"publish","type":"product","link":"https:\/\/pipraveski.ee\/en\/product\/ingverikommid-56g\/","title":{"rendered":"Ginger snaps, 56g"},"content":{"rendered":"<p>V\u00fcrtsikad ingverimaitselised kommid.<br \/>\nK\u00f5ik ingveri head omadused pisikeses mugavas pakis.<br \/>\nIngverikommid on head k\u00fclmetuse ja iivelduse leevendajad ning m\u00f5juvad \u00fcldisele heaolule h\u00e4sti.<\/p>\n<p>Koostisosad: roosuhkur, ingver 7%, tapioki t\u00e4rklis.<br \/>\nToode v\u00f5ib sisaldada maap\u00e4hklite j\u00e4\u00e4ke.<\/p>\n<p>Nutrition information per 100g:<br \/>\nEnergiasisaldus 1630kJ\/390kcal<br \/>\nFats 1,5g<br \/>\nof which saturated fatty acids 1g<br \/>\nS\u00fcsivesikud 95g<br \/>\nmillest suhkrud 70g<br \/>\nProtein 0g<br \/>\nSalt 0g<\/p>","protected":false},"excerpt":{"rendered":"<p>V\u00fcrtsikad ingverimaitselised kommid<\/p>","protected":false},"featured_media":2820,"template":"","meta":[],"product_brand":[],"product_cat":[324],"product_tag":[],"class_list":{"0":"post-2791","1":"product","2":"type-product","3":"status-publish","4":"has-post-thumbnail","6":"product_cat-maiustused-snakid","8":"first","9":"instock","10":"taxable","11":"shipping-taxable","12":"purchasable","13":"product-type-simple"},"_links":{"self":[{"href":"https:\/\/pipraveski.ee\/en\/wp-json\/wp\/v2\/product\/2791","targetHints":{"allow":["GET"]}}],"collection":[{"href":"https:\/\/pipraveski.ee\/en\/wp-json\/wp\/v2\/product"}],"about":[{"href":"https:\/\/pipraveski.ee\/en\/wp-json\/wp\/v2\/types\/product"}],"wp:featuredmedia":[{"embeddable":true,"href":"https:\/\/pipraveski.ee\/en\/wp-json\/wp\/v2\/media\/2820"}],"wp:attachment":[{"href":"https:\/\/pipraveski.ee\/en\/wp-json\/wp\/v2\/media?parent=2791"}],"wp:term":[{"taxonomy":"product_brand","embeddable":true,"href":"https:\/\/pipraveski.ee\/en\/wp-json\/wp\/v2\/product_brand?post=2791"},{"taxonomy":"product_cat","embeddable":true,"href":"https:\/\/pipraveski.ee\/en\/wp-json\/wp\/v2\/product_cat?post=2791"},{"taxonomy":"product_tag","embeddable":true,"href":"https:\/\/pipraveski.ee\/en\/wp-json\/wp\/v2\/product_tag?post=2791"}],"curies":[{"name":"wp","href":"https:\/\/api.w.org\/{rel}","templated":true}]}}