{"id":2786,"date":"2025-10-22T19:11:41","date_gmt":"2025-10-22T16:11:41","guid":{"rendered":"https:\/\/pipraveski.ee\/?post_type=product&#038;p=2786"},"modified":"2026-04-17T11:31:40","modified_gmt":"2026-04-17T08:31:40","slug":"vurtsisegu-pardile-lobo-50g","status":"publish","type":"product","link":"https:\/\/pipraveski.ee\/en\/product\/vurtsisegu-pardile-lobo-50g\/","title":{"rendered":"Spice mix for duck, LOBO, 50g"},"content":{"rendered":"<p>R\u00f6stitud part tuleb meile Hiina k\u00f6\u00f6gist, kuid pole populaarne vaid Aasia piirkonnas vaid ka kaugemal.<\/p>\n<p>Nipp: Lobo r\u00f6stitud pardi v\u00fcrtsisegule v\u00f5ib pardi marinaadiks lisada sojakastet ja mett. Liha muutub v\u00e4ga \u00f5rnaks ja maitsvaks.<\/p>\n<p>Kasutusjuhend:&nbsp;<br \/>\nN\u00f5rutage part ja laske kuivada. H\u00f6\u00f6ruge part sees ja v\u00e4ljast kokku Lobo v\u00fcrtsiseguga ning laske marineeruda 1 tund. R\u00f6stige parti 190\u00baC juures ca 30 minutit, seej\u00e4rel keerake part ringi ja k\u00fcpsetage kuni nahk on kr\u00f5be.&nbsp;Serveerige magusate puuviljasete kastmete (apelsin ja ingver) ja riisiga.<\/p>\n<p>Koostisosad: suhkur, sool, v\u00fcrtsid ja \u00fcrdid (k\u00fc\u00fcslauk, \u0161alottsibul, sidrunhein, koriander, t\u00e4htaniis, kalgan, apteegitill, nelk, kaneel), maitsetugevdaja: E621, v\u00e4rvaine: E150c, maitselisand.<br \/>\nEi ole lisatud s\u00e4ilitusaineid. Gluteenivaba. Halal. Laktoosivaba.<\/p>\n<p>Nutrition information per 100g:<br \/>\nEnergiasisaldus 1066kJ\/255kcal<br \/>\nFats 1,1g<br \/>\nof which saturated fatty acids 0g<br \/>\nCarbohydrates 54g<br \/>\nmillest suhkrud 40g<br \/>\nProtein 5,2g<br \/>\nSool 29,9g<\/p>\n<p>Country of origin: Thailand<\/p>","protected":false},"excerpt":{"rendered":"<p>V\u00fcrtsisegu r\u00f6stitud pardile<\/p>","protected":false},"featured_media":3744,"template":"","meta":[],"product_brand":[263],"product_cat":[307],"product_tag":[],"class_list":{"0":"post-2786","1":"product","2":"type-product","3":"status-publish","4":"has-post-thumbnail","6":"product_brand-lobo","7":"product_cat-maitseainesegud","9":"first","10":"instock","11":"taxable","12":"shipping-taxable","13":"purchasable","14":"product-type-simple"},"_links":{"self":[{"href":"https:\/\/pipraveski.ee\/en\/wp-json\/wp\/v2\/product\/2786","targetHints":{"allow":["GET"]}}],"collection":[{"href":"https:\/\/pipraveski.ee\/en\/wp-json\/wp\/v2\/product"}],"about":[{"href":"https:\/\/pipraveski.ee\/en\/wp-json\/wp\/v2\/types\/product"}],"wp:featuredmedia":[{"embeddable":true,"href":"https:\/\/pipraveski.ee\/en\/wp-json\/wp\/v2\/media\/3744"}],"wp:attachment":[{"href":"https:\/\/pipraveski.ee\/en\/wp-json\/wp\/v2\/media?parent=2786"}],"wp:term":[{"taxonomy":"product_brand","embeddable":true,"href":"https:\/\/pipraveski.ee\/en\/wp-json\/wp\/v2\/product_brand?post=2786"},{"taxonomy":"product_cat","embeddable":true,"href":"https:\/\/pipraveski.ee\/en\/wp-json\/wp\/v2\/product_cat?post=2786"},{"taxonomy":"product_tag","embeddable":true,"href":"https:\/\/pipraveski.ee\/en\/wp-json\/wp\/v2\/product_tag?post=2786"}],"curies":[{"name":"wp","href":"https:\/\/api.w.org\/{rel}","templated":true}]}}