{"id":2783,"date":"2025-10-22T19:11:41","date_gmt":"2025-10-22T16:11:41","guid":{"rendered":"https:\/\/pipraveski.ee\/?post_type=product&#038;p=2783"},"modified":"2026-04-17T11:33:18","modified_gmt":"2026-04-17T08:33:18","slug":"timutipipar-20g","status":"publish","type":"product","link":"https:\/\/pipraveski.ee\/en\/product\/timutipipar-20g\/","title":{"rendered":"Timutipipar, 20g"},"content":{"rendered":"<p><span style=\"font-size: 13px\">Timuti pipar on mahe pipar, millel on selge greibimaitse. Sobib h\u00e4sti kalale, kanale, salatile ja marinaadile. Hea segada sulav\u00f5iga keedukartulite peale.<\/span><br style=\"font-size: 13px\" \/><br \/>\n<br style=\"font-size: 13px\" \/><br \/>\n<span style=\"font-size: 13px\">P\u00e4ritolumaa: Nepal<\/span><\/p>","protected":false},"excerpt":{"rendered":"<p>Timuti pipar on mahe pipar, millel on selge greibimaitse. Sobib h\u00e4sti kalale, kanale, salatile ja marinaadile. Hea segada sulav\u00f5iga keedukartulite peale. P\u00e4ritolumaa: Nepal<\/p>","protected":false},"featured_media":4485,"template":"","meta":[],"product_brand":[],"product_cat":[338],"product_tag":[],"class_list":{"0":"post-2783","1":"product","2":"type-product","3":"status-publish","4":"has-post-thumbnail","6":"product_cat-puhtad-maitsed","8":"first","9":"instock","10":"taxable","11":"shipping-taxable","12":"purchasable","13":"product-type-simple"},"_links":{"self":[{"href":"https:\/\/pipraveski.ee\/en\/wp-json\/wp\/v2\/product\/2783","targetHints":{"allow":["GET"]}}],"collection":[{"href":"https:\/\/pipraveski.ee\/en\/wp-json\/wp\/v2\/product"}],"about":[{"href":"https:\/\/pipraveski.ee\/en\/wp-json\/wp\/v2\/types\/product"}],"wp:featuredmedia":[{"embeddable":true,"href":"https:\/\/pipraveski.ee\/en\/wp-json\/wp\/v2\/media\/4485"}],"wp:attachment":[{"href":"https:\/\/pipraveski.ee\/en\/wp-json\/wp\/v2\/media?parent=2783"}],"wp:term":[{"taxonomy":"product_brand","embeddable":true,"href":"https:\/\/pipraveski.ee\/en\/wp-json\/wp\/v2\/product_brand?post=2783"},{"taxonomy":"product_cat","embeddable":true,"href":"https:\/\/pipraveski.ee\/en\/wp-json\/wp\/v2\/product_cat?post=2783"},{"taxonomy":"product_tag","embeddable":true,"href":"https:\/\/pipraveski.ee\/en\/wp-json\/wp\/v2\/product_tag?post=2783"}],"curies":[{"name":"wp","href":"https:\/\/api.w.org\/{rel}","templated":true}]}}