{"id":2782,"date":"2025-10-22T19:11:41","date_gmt":"2025-10-22T16:11:41","guid":{"rendered":"https:\/\/pipraveski.ee\/?post_type=product&#038;p=2782"},"modified":"2026-04-17T11:32:43","modified_gmt":"2026-04-17T08:32:43","slug":"kurkum-100g-heera","status":"publish","type":"product","link":"https:\/\/pipraveski.ee\/en\/product\/kurkum-100g-heera\/","title":{"rendered":"Turmeric, 100g (Heera)"},"content":{"rendered":"<p>Kurkum, kurkuma, turmeric, haldi, kollajuur.<br \/>\nKurkum kuulub ingveriliste perekonda koos ingveri ja kalganiga.<br \/>\nKurkum l\u00f5hnab nagu ingver, veidi krehvtisemalt. Tema maitse on ingveriga v\u00f5rreldes v\u00fcrtsikam, m\u00f5rkjam ja muskuselisem.<\/p>\n<p>Kasutamine: Kurkumit kasutatakse enim just india k\u00f6\u00f6gis ning ta annab toitudele juba v\u00e4ikese koguse juures kauni p\u00e4ikesekollase jume.<br \/>\n\u00dcks kindel komponent erinevates karripulbrites.<br \/>\nKurkumiga maitsestatakse riisi ja nuudleid, suppe, kastmeid, majoneesi, munarooge, karrisid ning ka m\u00f5ndasid pagaritooteid.<br \/>\nSobib niisama h\u00e4sti linnulihale, aedviljadele ja v\u00fcrtsikastmetele kui ka kalale ja mereandidele.&nbsp;<br \/>\nSobib ka lihtsalt segatuna sooja piima ja meega joomiseks v\u00f5i lihav\u00f5ttemunade v\u00e4rvimiseks.<\/p>\n<p>Nutrition information per 100g:<br \/>\nEnergiasisaldus 1482,12KJ\/354kcal<br \/>\nFats 10g<br \/>\nmillest k\u00fcllastunud rasvhappeid 3g<br \/>\nS\u00fcsivesikuid 65g<br \/>\nmillest suhkruid 3g<br \/>\nKiudaineid 21g<br \/>\nValgud 8g<br \/>\nSalt 0g<\/p>","protected":false},"excerpt":{"rendered":"<p>Kurkum, kurkuma, turmeric, haldi, kollajuur.<\/p>","protected":false},"featured_media":2812,"template":"","meta":[],"product_brand":[240],"product_cat":[307],"product_tag":[],"class_list":{"0":"post-2782","1":"product","2":"type-product","3":"status-publish","4":"has-post-thumbnail","6":"product_brand-heera","7":"product_cat-maitseainesegud","9":"first","10":"outofstock","11":"taxable","12":"shipping-taxable","13":"purchasable","14":"product-type-simple"},"_links":{"self":[{"href":"https:\/\/pipraveski.ee\/en\/wp-json\/wp\/v2\/product\/2782","targetHints":{"allow":["GET"]}}],"collection":[{"href":"https:\/\/pipraveski.ee\/en\/wp-json\/wp\/v2\/product"}],"about":[{"href":"https:\/\/pipraveski.ee\/en\/wp-json\/wp\/v2\/types\/product"}],"wp:featuredmedia":[{"embeddable":true,"href":"https:\/\/pipraveski.ee\/en\/wp-json\/wp\/v2\/media\/2812"}],"wp:attachment":[{"href":"https:\/\/pipraveski.ee\/en\/wp-json\/wp\/v2\/media?parent=2782"}],"wp:term":[{"taxonomy":"product_brand","embeddable":true,"href":"https:\/\/pipraveski.ee\/en\/wp-json\/wp\/v2\/product_brand?post=2782"},{"taxonomy":"product_cat","embeddable":true,"href":"https:\/\/pipraveski.ee\/en\/wp-json\/wp\/v2\/product_cat?post=2782"},{"taxonomy":"product_tag","embeddable":true,"href":"https:\/\/pipraveski.ee\/en\/wp-json\/wp\/v2\/product_tag?post=2782"}],"curies":[{"name":"wp","href":"https:\/\/api.w.org\/{rel}","templated":true}]}}