{"id":2781,"date":"2025-10-22T19:11:41","date_gmt":"2025-10-22T16:11:41","guid":{"rendered":"https:\/\/pipraveski.ee\/?post_type=product&#038;p=2781"},"modified":"2026-04-17T11:31:55","modified_gmt":"2026-04-17T08:31:55","slug":"sojakaste-maitsestatud-goldenmountain-600ml","status":"publish","type":"product","link":"https:\/\/pipraveski.ee\/en\/product\/sojakaste-maitsestatud-goldenmountain-600ml\/","title":{"rendered":"Soy sauce, flavoured, GoldenMountain, 600ml"},"content":{"rendered":"<p>Maitsestatud kaste igale roale.<br \/>\nSobib eriti h\u00e4sti praetud riisiga, nuudli wokiroogadesse, k\u00f6\u00f6giviljadele, tofule jms.<\/p>\n<p>Koostisosad: SOJAkaste (SOJAoad, mais, NISU) 85%, suhkur, vesi, sool, s\u00e4ilitusaine E211, maitsetugevdaja E635.<br \/>\nNaturaalselt k\u00e4\u00e4ritatud.<\/p>\n<p>Nutrition information per 100g<br \/>\nEnergiasisaldus 338 kJ \/ 20 kcal<br \/>\nFats 0g<br \/>\nof which saturated fatty acids 0g<br \/>\nS\u00fcsivesikuid 10g<br \/>\nSuhkruid 5,2g<br \/>\nProtein 10g<br \/>\nSool 15,98g<\/p>","protected":false},"excerpt":{"rendered":"<p>Maitsestatud kaste igale roale &#8211; riis, nuudlid, k\u00f6\u00f6giviljad, tofu jms<\/p>","protected":false},"featured_media":2811,"template":"","meta":[],"product_brand":[],"product_cat":[317],"product_tag":[],"class_list":{"0":"post-2781","1":"product","2":"type-product","3":"status-publish","4":"has-post-thumbnail","6":"product_cat-kastmed-sinepid-tsatnid","8":"first","9":"outofstock","10":"taxable","11":"shipping-taxable","12":"purchasable","13":"product-type-simple"},"_links":{"self":[{"href":"https:\/\/pipraveski.ee\/en\/wp-json\/wp\/v2\/product\/2781","targetHints":{"allow":["GET"]}}],"collection":[{"href":"https:\/\/pipraveski.ee\/en\/wp-json\/wp\/v2\/product"}],"about":[{"href":"https:\/\/pipraveski.ee\/en\/wp-json\/wp\/v2\/types\/product"}],"wp:featuredmedia":[{"embeddable":true,"href":"https:\/\/pipraveski.ee\/en\/wp-json\/wp\/v2\/media\/2811"}],"wp:attachment":[{"href":"https:\/\/pipraveski.ee\/en\/wp-json\/wp\/v2\/media?parent=2781"}],"wp:term":[{"taxonomy":"product_brand","embeddable":true,"href":"https:\/\/pipraveski.ee\/en\/wp-json\/wp\/v2\/product_brand?post=2781"},{"taxonomy":"product_cat","embeddable":true,"href":"https:\/\/pipraveski.ee\/en\/wp-json\/wp\/v2\/product_cat?post=2781"},{"taxonomy":"product_tag","embeddable":true,"href":"https:\/\/pipraveski.ee\/en\/wp-json\/wp\/v2\/product_tag?post=2781"}],"curies":[{"name":"wp","href":"https:\/\/api.w.org\/{rel}","templated":true}]}}