{"id":2776,"date":"2025-10-22T19:11:41","date_gmt":"2025-10-22T16:11:41","guid":{"rendered":"https:\/\/pipraveski.ee\/?post_type=product&#038;p=2776"},"modified":"2026-04-17T11:31:59","modified_gmt":"2026-04-17T08:31:59","slug":"rukkilill-100g","status":"publish","type":"product","link":"https:\/\/pipraveski.ee\/en\/product\/rukkilill-100g\/","title":{"rendered":"Cornflower, 100g"},"content":{"rendered":"<p>Dried cornflower flowers.<\/p>\n<p>Suitable for garnishing all kinds of foods, adding to tea blends, ice cream, health foods, etc.<br \/>\nAlso suitable as a blue food colouring.<\/p>","protected":false},"excerpt":{"rendered":"<p>Kuivatatud rukkilille \u00f5ied. Sobivad k\u00f5ikv\u00f5imalike toitude kaunistamiseks, teesegudele lisamiseks, j\u00e4\u00e4tisele, tervisetoitudele jpm. Sobib ka siniseks toiduv\u00e4rviks.<\/p>","protected":false},"featured_media":2806,"template":"","meta":[],"product_brand":[],"product_cat":[306],"product_tag":[],"class_list":{"0":"post-2776","1":"product","2":"type-product","3":"status-publish","4":"has-post-thumbnail","6":"product_cat-dekoor","8":"first","9":"instock","10":"taxable","11":"shipping-taxable","12":"purchasable","13":"product-type-simple"},"_links":{"self":[{"href":"https:\/\/pipraveski.ee\/en\/wp-json\/wp\/v2\/product\/2776","targetHints":{"allow":["GET"]}}],"collection":[{"href":"https:\/\/pipraveski.ee\/en\/wp-json\/wp\/v2\/product"}],"about":[{"href":"https:\/\/pipraveski.ee\/en\/wp-json\/wp\/v2\/types\/product"}],"wp:featuredmedia":[{"embeddable":true,"href":"https:\/\/pipraveski.ee\/en\/wp-json\/wp\/v2\/media\/2806"}],"wp:attachment":[{"href":"https:\/\/pipraveski.ee\/en\/wp-json\/wp\/v2\/media?parent=2776"}],"wp:term":[{"taxonomy":"product_brand","embeddable":true,"href":"https:\/\/pipraveski.ee\/en\/wp-json\/wp\/v2\/product_brand?post=2776"},{"taxonomy":"product_cat","embeddable":true,"href":"https:\/\/pipraveski.ee\/en\/wp-json\/wp\/v2\/product_cat?post=2776"},{"taxonomy":"product_tag","embeddable":true,"href":"https:\/\/pipraveski.ee\/en\/wp-json\/wp\/v2\/product_tag?post=2776"}],"curies":[{"name":"wp","href":"https:\/\/api.w.org\/{rel}","templated":true}]}}