{"id":2774,"date":"2025-10-22T19:11:41","date_gmt":"2025-10-22T16:11:41","guid":{"rendered":"https:\/\/pipraveski.ee\/?post_type=product&#038;p=2774"},"modified":"2026-04-17T11:32:58","modified_gmt":"2026-04-17T08:32:58","slug":"tsilli-roheline-marineeritud-swad-300g","status":"publish","type":"product","link":"https:\/\/pipraveski.ee\/en\/product\/tsilli-roheline-marineeritud-swad-300g\/","title":{"rendered":"Chilli, green, pickled, Swad, 300g"},"content":{"rendered":"<p>Nautige parima kvaliteediga rohelise t\u0161illi kuumust, mis on kastetud ideaalsesse v\u00fcrtside ja taime\u00f5li segusse. Swad Green Chilli Pickle viib teie maitsemeeled enneolematusse kogemusse.<\/p>\n<p>Koostisosad:&nbsp; roheline t\u0161illi (67%), sool, maisi\u00f5li, SINEP, vesi, apteegitill, lambal\u00e4\u00e4ts, kurkum, asafoetida, happesuse regulaator: \u00e4\u00e4dikhape (E 260), sidrunhape<\/p>","protected":false},"excerpt":{"rendered":"<p>Nautige parima kvaliteediga rohelise t\u0161illi kuumust, mis on kastetud ideaalsesse v\u00fcrtside ja taime\u00f5li segusse. <\/p>","protected":false},"featured_media":2804,"template":"","meta":[],"product_brand":[249],"product_cat":[323],"product_tag":[],"class_list":{"0":"post-2774","1":"product","2":"type-product","3":"status-publish","4":"has-post-thumbnail","6":"product_brand-swad","7":"product_cat-konservid","9":"first","10":"instock","11":"taxable","12":"shipping-taxable","13":"purchasable","14":"product-type-simple"},"_links":{"self":[{"href":"https:\/\/pipraveski.ee\/en\/wp-json\/wp\/v2\/product\/2774","targetHints":{"allow":["GET"]}}],"collection":[{"href":"https:\/\/pipraveski.ee\/en\/wp-json\/wp\/v2\/product"}],"about":[{"href":"https:\/\/pipraveski.ee\/en\/wp-json\/wp\/v2\/types\/product"}],"wp:featuredmedia":[{"embeddable":true,"href":"https:\/\/pipraveski.ee\/en\/wp-json\/wp\/v2\/media\/2804"}],"wp:attachment":[{"href":"https:\/\/pipraveski.ee\/en\/wp-json\/wp\/v2\/media?parent=2774"}],"wp:term":[{"taxonomy":"product_brand","embeddable":true,"href":"https:\/\/pipraveski.ee\/en\/wp-json\/wp\/v2\/product_brand?post=2774"},{"taxonomy":"product_cat","embeddable":true,"href":"https:\/\/pipraveski.ee\/en\/wp-json\/wp\/v2\/product_cat?post=2774"},{"taxonomy":"product_tag","embeddable":true,"href":"https:\/\/pipraveski.ee\/en\/wp-json\/wp\/v2\/product_tag?post=2774"}],"curies":[{"name":"wp","href":"https:\/\/api.w.org\/{rel}","templated":true}]}}