{"id":2773,"date":"2025-10-22T19:11:41","date_gmt":"2025-10-22T16:11:41","guid":{"rendered":"https:\/\/pipraveski.ee\/?post_type=product&#038;p=2773"},"modified":"2026-04-17T11:32:50","modified_gmt":"2026-04-17T08:32:50","slug":"must-riisiaadikas-chinkiang-550ml","status":"publish","type":"product","link":"https:\/\/pipraveski.ee\/en\/product\/must-riisiaadikas-chinkiang-550ml\/","title":{"rendered":"Black rice vinegar, Chinkiang, 550ml"},"content":{"rendered":"<p>Must riisi\u00e4\u00e4dikas on hapukas, \u00f5rna suitsunoodiga ja kergelt magus \u00e4\u00e4dikas.<\/p>\n<p>P\u00e4rineb Hiinast Chinkiang (v\u00f5i ka Zhejiang) provintsist.<br \/>\nT\u00e4nu tema keerukale maitsele kutsuvad osad teda ka &#8216;hiina balsami\u00e4\u00e4dikaks&#8217;.<\/p>\n<p>Must riisi\u00e4\u00e4dikas sobib h\u00e4sti rasvaste v\u00f5i lihakate toitude maitsete tasakaalustamiseks, puljongite, suppide, nuudliroogade v\u00f5i salatite maitsestamiseks.<\/p>\n<p>Koostisosad: vesi, kleepuv riis 25%, NISUkliid, sool, suhkur.<\/p>\n<p>Nutrition information per 100ml:<br \/>\nEnergiasisaldus 126kJ\/30kcal<br \/>\nFats 0g<br \/>\nof which saturated fatty acids 0g<br \/>\nCarbohydrates 0g<br \/>\nmillest suhkrud &lt;1g<br \/>\nValgud &lt;1g<br \/>\nSool 1,5g<\/p>","protected":false},"excerpt":{"rendered":"<p>Puljongite, suppide, salatite jpm maitsestamiseks<\/p>","protected":false},"featured_media":2803,"template":"","meta":[],"product_brand":[],"product_cat":[316],"product_tag":[],"class_list":{"0":"post-2773","1":"product","2":"type-product","3":"status-publish","4":"has-post-thumbnail","6":"product_cat-aadikad","8":"first","9":"instock","10":"taxable","11":"shipping-taxable","12":"purchasable","13":"product-type-simple"},"_links":{"self":[{"href":"https:\/\/pipraveski.ee\/en\/wp-json\/wp\/v2\/product\/2773","targetHints":{"allow":["GET"]}}],"collection":[{"href":"https:\/\/pipraveski.ee\/en\/wp-json\/wp\/v2\/product"}],"about":[{"href":"https:\/\/pipraveski.ee\/en\/wp-json\/wp\/v2\/types\/product"}],"wp:featuredmedia":[{"embeddable":true,"href":"https:\/\/pipraveski.ee\/en\/wp-json\/wp\/v2\/media\/2803"}],"wp:attachment":[{"href":"https:\/\/pipraveski.ee\/en\/wp-json\/wp\/v2\/media?parent=2773"}],"wp:term":[{"taxonomy":"product_brand","embeddable":true,"href":"https:\/\/pipraveski.ee\/en\/wp-json\/wp\/v2\/product_brand?post=2773"},{"taxonomy":"product_cat","embeddable":true,"href":"https:\/\/pipraveski.ee\/en\/wp-json\/wp\/v2\/product_cat?post=2773"},{"taxonomy":"product_tag","embeddable":true,"href":"https:\/\/pipraveski.ee\/en\/wp-json\/wp\/v2\/product_tag?post=2773"}],"curies":[{"name":"wp","href":"https:\/\/api.w.org\/{rel}","templated":true}]}}