{"id":2772,"date":"2025-10-22T19:11:41","date_gmt":"2025-10-22T16:11:41","guid":{"rendered":"https:\/\/pipraveski.ee\/?post_type=product&#038;p=2772"},"modified":"2026-04-17T11:31:51","modified_gmt":"2026-04-17T08:31:51","slug":"worchestershire-kaste-hela-1kg","status":"publish","type":"product","link":"https:\/\/pipraveski.ee\/en\/product\/worchestershire-kaste-hela-1kg\/","title":{"rendered":"Worchestershire sauce, HELA, 1kg"},"content":{"rendered":"<p>Inglise originaalretsepti j\u00e4rgi valmistatud v\u00fcrtsikas ja teravamaitseline kaste.<br \/>\nSobib liha-, kala-, ulukiliha-, ja linnuliharoogade, salatite, kastmete, marinaadide ja suppide maitsestamiseks.<br \/>\nKulunorm: 6g 1kg kohta v\u00f5i vastavalt maitsele. Segada korralikult roa hulka.<\/p>\n<p>Koostisosad: joogivesi, linnase\u00e4\u00e4dikas, suhkur, v\u00fcrtsid (k.a. taimne valk (SOJA), p\u00e4rmiekstrakt), keedusool, aroomiained, tamarind, toiduv\u00e4rv E150c.<br \/>\nEnne tarvitamist loksutada. Peale avamist s\u00e4ilitada k\u00fclmikus.<\/p>","protected":false},"excerpt":{"rendered":"<p>Inglise originaalretsepti j\u00e4rgi valmistatud v\u00fcrtsikas ja teravamaitseline kaste.<\/p>","protected":false},"featured_media":2802,"template":"","meta":[],"product_brand":[244],"product_cat":[317],"product_tag":[],"class_list":{"0":"post-2772","1":"product","2":"type-product","3":"status-publish","4":"has-post-thumbnail","6":"product_brand-hela","7":"product_cat-kastmed-sinepid-tsatnid","9":"first","10":"instock","11":"taxable","12":"shipping-taxable","13":"purchasable","14":"product-type-simple"},"_links":{"self":[{"href":"https:\/\/pipraveski.ee\/en\/wp-json\/wp\/v2\/product\/2772","targetHints":{"allow":["GET"]}}],"collection":[{"href":"https:\/\/pipraveski.ee\/en\/wp-json\/wp\/v2\/product"}],"about":[{"href":"https:\/\/pipraveski.ee\/en\/wp-json\/wp\/v2\/types\/product"}],"wp:featuredmedia":[{"embeddable":true,"href":"https:\/\/pipraveski.ee\/en\/wp-json\/wp\/v2\/media\/2802"}],"wp:attachment":[{"href":"https:\/\/pipraveski.ee\/en\/wp-json\/wp\/v2\/media?parent=2772"}],"wp:term":[{"taxonomy":"product_brand","embeddable":true,"href":"https:\/\/pipraveski.ee\/en\/wp-json\/wp\/v2\/product_brand?post=2772"},{"taxonomy":"product_cat","embeddable":true,"href":"https:\/\/pipraveski.ee\/en\/wp-json\/wp\/v2\/product_cat?post=2772"},{"taxonomy":"product_tag","embeddable":true,"href":"https:\/\/pipraveski.ee\/en\/wp-json\/wp\/v2\/product_tag?post=2772"}],"curies":[{"name":"wp","href":"https:\/\/api.w.org\/{rel}","templated":true}]}}