{"id":2768,"date":"2025-10-22T19:11:41","date_gmt":"2025-10-22T16:11:41","guid":{"rendered":"https:\/\/pipraveski.ee\/?post_type=product&#038;p=2768"},"modified":"2026-04-17T11:33:24","modified_gmt":"2026-04-17T08:33:24","slug":"santos-grill-vurtsisegu-40g","status":"publish","type":"product","link":"https:\/\/pipraveski.ee\/en\/product\/santos-grill-vurtsisegu-40g\/","title":{"rendered":"Santos, barbecue spice mix, HELA, 40g"},"content":{"rendered":"<p>Sobib v\u00e4ga h\u00e4sti linnuliha, kala ja veiselihaga.<br \/>\nKoostisosad: sool, pipar, sibul, k\u00fc\u00fcslauk, koriander, v\u00fcrtsid.<br \/>\n<strong>Suuremat pakendit soovides ootame teie e-kirja aadressile myyk@pipraveski.ee<\/strong><\/p>\n<p>Nutrition information per 100g:<br \/>\nEnergiasisaldus: 614 kJ \/ 147 kcal<br \/>\nRasvad: 1,6 g<br \/>\n&nbsp; millest k\u00fcllastunud rasvhapped: 0,3 g<br \/>\nS\u00fcsivesikud : 25 g<br \/>\n&nbsp; millest suhkrud: 21 g<br \/>\nValgud: 5,3 g<br \/>\nSool: 56 g<br \/>\n&nbsp;<\/p>","protected":false},"excerpt":{"rendered":"<p>V\u00fcrtsidega sool<\/p>","protected":false},"featured_media":2798,"template":"","meta":[],"product_brand":[244],"product_cat":[307],"product_tag":[],"class_list":{"0":"post-2768","1":"product","2":"type-product","3":"status-publish","4":"has-post-thumbnail","6":"product_brand-hela","7":"product_cat-maitseainesegud","9":"first","10":"outofstock","11":"taxable","12":"shipping-taxable","13":"purchasable","14":"product-type-simple"},"_links":{"self":[{"href":"https:\/\/pipraveski.ee\/en\/wp-json\/wp\/v2\/product\/2768","targetHints":{"allow":["GET"]}}],"collection":[{"href":"https:\/\/pipraveski.ee\/en\/wp-json\/wp\/v2\/product"}],"about":[{"href":"https:\/\/pipraveski.ee\/en\/wp-json\/wp\/v2\/types\/product"}],"wp:featuredmedia":[{"embeddable":true,"href":"https:\/\/pipraveski.ee\/en\/wp-json\/wp\/v2\/media\/2798"}],"wp:attachment":[{"href":"https:\/\/pipraveski.ee\/en\/wp-json\/wp\/v2\/media?parent=2768"}],"wp:term":[{"taxonomy":"product_brand","embeddable":true,"href":"https:\/\/pipraveski.ee\/en\/wp-json\/wp\/v2\/product_brand?post=2768"},{"taxonomy":"product_cat","embeddable":true,"href":"https:\/\/pipraveski.ee\/en\/wp-json\/wp\/v2\/product_cat?post=2768"},{"taxonomy":"product_tag","embeddable":true,"href":"https:\/\/pipraveski.ee\/en\/wp-json\/wp\/v2\/product_tag?post=2768"}],"curies":[{"name":"wp","href":"https:\/\/api.w.org\/{rel}","templated":true}]}}