{"id":274,"date":"2025-10-22T19:01:32","date_gmt":"2025-10-22T16:01:32","guid":{"rendered":"https:\/\/pipraveski.ee\/?post_type=product&#038;p=274"},"modified":"2026-04-17T11:31:39","modified_gmt":"2026-04-17T08:31:39","slug":"mungoad-rohelised-heera-2kg","status":"publish","type":"product","link":"https:\/\/pipraveski.ee\/en\/product\/mungoad-rohelised-heera-2kg\/","title":{"rendered":"Mung beans, green, Heera, 2kg"},"content":{"rendered":"<p>Rohelised mungoad on toitvad, mitmek\u00fclgsed ning rikastunud valkude ja kiudainete poolest. Need aitavad kaalust alla v\u00f5tta, detoksifitseerivad keha ja kaitsevad vanusega seotud haiguste, s\u00fcdamehaiguste ja diabeedi eest.<\/p>\n<p>Oma maheda maitse ja pehme tekstuuriga sobib see suurep\u00e4raselt suppide, hautiste, karride ja muu jaoks.<br \/>\n<strong>Sobilik ka veganitele.<\/strong><\/p>\n<p><strong>Preparation:<\/strong><br \/>\n1. sorteeri v\u00e4lja riknenud oad<br \/>\n2. pese 3-4 korda<br \/>\n3. pane koos veega potti ja lase veel keema t\u00f5usta. Keeda 10min.<br \/>\n4. Hauta ubasid u. 1 tund v\u00f5i kuni oad on pehmed.<br \/>\nJ\u00e4lgi, et vett on potis piisavalt.<\/p>\n<p><strong>Nutrition information per 100g:<\/strong><br \/>\nEnergiasisaldus 1452kJ \/ 347kcal<br \/>\nRasvad 1,2g<br \/>\nmillest k\u00fcllastunud rasvhappeid 0,3g<br \/>\nS\u00fcsivesikud 63g<br \/>\nmillest suhkrud 7g<br \/>\nKiudained 16,3g<br \/>\nValgud&nbsp; 24g<br \/>\nSalt 0g<\/p>\n<p><strong style=\"font-size: 13px\">Country of origin:&nbsp;<\/strong><span style=\"font-size: 13px\">India<\/span><br \/>\nSobivad idandamiseks &#8211; kasvata ise v\u00e4rsked idud!<\/p>\n<p><strong>Manufacturer:<\/strong> Heera<br \/>\n&nbsp;<\/p>","protected":false},"excerpt":{"rendered":"<p>Sobivad idandamiseks &#8211; kasvata ise v\u00e4rsked idud!<\/p>","protected":false},"featured_media":303,"template":"","meta":[],"product_brand":[240],"product_cat":[319],"product_tag":[],"class_list":{"0":"post-274","1":"product","2":"type-product","3":"status-publish","4":"has-post-thumbnail","6":"product_brand-heera","7":"product_cat-laatsed-oad-terad","9":"first","10":"outofstock","11":"taxable","12":"shipping-taxable","13":"purchasable","14":"product-type-simple"},"_links":{"self":[{"href":"https:\/\/pipraveski.ee\/en\/wp-json\/wp\/v2\/product\/274","targetHints":{"allow":["GET"]}}],"collection":[{"href":"https:\/\/pipraveski.ee\/en\/wp-json\/wp\/v2\/product"}],"about":[{"href":"https:\/\/pipraveski.ee\/en\/wp-json\/wp\/v2\/types\/product"}],"wp:featuredmedia":[{"embeddable":true,"href":"https:\/\/pipraveski.ee\/en\/wp-json\/wp\/v2\/media\/303"}],"wp:attachment":[{"href":"https:\/\/pipraveski.ee\/en\/wp-json\/wp\/v2\/media?parent=274"}],"wp:term":[{"taxonomy":"product_brand","embeddable":true,"href":"https:\/\/pipraveski.ee\/en\/wp-json\/wp\/v2\/product_brand?post=274"},{"taxonomy":"product_cat","embeddable":true,"href":"https:\/\/pipraveski.ee\/en\/wp-json\/wp\/v2\/product_cat?post=274"},{"taxonomy":"product_tag","embeddable":true,"href":"https:\/\/pipraveski.ee\/en\/wp-json\/wp\/v2\/product_tag?post=274"}],"curies":[{"name":"wp","href":"https:\/\/api.w.org\/{rel}","templated":true}]}}