{"id":2737,"date":"2025-10-22T19:11:24","date_gmt":"2025-10-22T16:11:24","guid":{"rendered":"https:\/\/pipraveski.ee\/?post_type=product&#038;p=2737"},"modified":"2026-04-17T11:32:06","modified_gmt":"2026-04-17T08:32:06","slug":"toiduvarv-kollane-balah-400g","status":"publish","type":"product","link":"https:\/\/pipraveski.ee\/en\/product\/toiduvarv-kollane-balah-400g\/","title":{"rendered":"Food colouring, yellow, Balah, 400g"},"content":{"rendered":"<p>Kollane toiduv\u00e4rv, pulber.<\/p>\n<p>Koostisosad: sool, Toiduv\u00e4rvid: E102 tartrasiin; E110.<\/p>\n<p>Kasutamine: Lahusta 9g pulbrit 1l tulises vees. Jahtumisel sega vedelikku pisut. Kasuta max 20ml toiduv\u00e4rvivedelikku 1kg toote kohta. 20ml-s on 45mg E110 toiduv\u00e4rvi.<br \/>\nToiduv\u00e4rvid E102;E110: v\u00f5ivad avaldada kahjulikku m\u00f5ju laste aktiivsusele ja t\u00e4helepanuv\u00f5imele.<\/p>","protected":false},"excerpt":{"rendered":"<p>Kollane toiduv\u00e4rv, pulber. Koostisosad: sool, Toiduv\u00e4rvid: E102 tartrasiin; E110. Kasutamine: Lahusta 9g pulbrit 1l tulises vees. Jahtumisel sega vedelikku pisut. Kasuta max 20ml toiduv\u00e4rvivedelikku 1kg toote kohta. 20ml-s on 45mg E110 toiduv\u00e4rvi. Toiduv\u00e4rvid E102;E110: v\u00f5ivad avaldada kahjulikku m\u00f5ju laste aktiivsusele ja t\u00e4helepanuv\u00f5imele.<\/p>","protected":false},"featured_media":2766,"template":"","meta":[],"product_brand":[],"product_cat":[339],"product_tag":[],"class_list":{"0":"post-2737","1":"product","2":"type-product","3":"status-publish","4":"has-post-thumbnail","6":"product_cat-toiduvarvid","8":"first","9":"outofstock","10":"taxable","11":"shipping-taxable","12":"purchasable","13":"product-type-simple"},"_links":{"self":[{"href":"https:\/\/pipraveski.ee\/en\/wp-json\/wp\/v2\/product\/2737","targetHints":{"allow":["GET"]}}],"collection":[{"href":"https:\/\/pipraveski.ee\/en\/wp-json\/wp\/v2\/product"}],"about":[{"href":"https:\/\/pipraveski.ee\/en\/wp-json\/wp\/v2\/types\/product"}],"wp:featuredmedia":[{"embeddable":true,"href":"https:\/\/pipraveski.ee\/en\/wp-json\/wp\/v2\/media\/2766"}],"wp:attachment":[{"href":"https:\/\/pipraveski.ee\/en\/wp-json\/wp\/v2\/media?parent=2737"}],"wp:term":[{"taxonomy":"product_brand","embeddable":true,"href":"https:\/\/pipraveski.ee\/en\/wp-json\/wp\/v2\/product_brand?post=2737"},{"taxonomy":"product_cat","embeddable":true,"href":"https:\/\/pipraveski.ee\/en\/wp-json\/wp\/v2\/product_cat?post=2737"},{"taxonomy":"product_tag","embeddable":true,"href":"https:\/\/pipraveski.ee\/en\/wp-json\/wp\/v2\/product_tag?post=2737"}],"curies":[{"name":"wp","href":"https:\/\/api.w.org\/{rel}","templated":true}]}}