{"id":2732,"date":"2025-10-22T19:11:23","date_gmt":"2025-10-22T16:11:23","guid":{"rendered":"https:\/\/pipraveski.ee\/?post_type=product&#038;p=2732"},"modified":"2026-04-17T11:31:47","modified_gmt":"2026-04-17T08:31:47","slug":"raamat-maitsvad-elamused","status":"publish","type":"product","link":"https:\/\/pipraveski.ee\/en\/product\/raamat-maitsvad-elamused\/","title":{"rendered":"Book \u201cTasty Experiences\u201d"},"content":{"rendered":"<p>Kordal\u00e4inud pidus\u00f6\u00f6k on elmaus, mida jagatakse l\u00e4hedaste ja s\u00f5pradega.<br \/>\n\u00d5nnestunud retsepte antakse edasi p\u00f5lvest p\u00f5lve. Maitsvad elamused pakub haaravaid lugusid eri maade toidukultuurist, jagab retsepte ja p\u00f5hjalikke n\u00e4pun\u00e4iteid eriliste toitude valmistamiseks ning jookide valmistamiseks.<\/p>\n<p>Samuti tutvustatakse Eesti m\u00f5nusamaid s\u00f6\u00f6gikohti ja intervjueeritakse tippkokkasid.<\/p>","protected":false},"excerpt":{"rendered":"<p>Kordal\u00e4inud pidus\u00f6\u00f6k on elmaus, mida jagatakse l\u00e4hedaste ja s\u00f5pradega. \u00d5nnestunud retsepte antakse edasi p\u00f5lvest p\u00f5lve. Maitsvad elamused pakub haaravaid lugusid eri maade toidukultuurist, jagab retsepte ja p\u00f5hjalikke n\u00e4pun\u00e4iteid eriliste toitude valmistamiseks ning jookide valmistamiseks. Samuti tutvustatakse Eesti m\u00f5nusamaid s\u00f6\u00f6gikohti ja intervjueeritakse tippkokkasid.<\/p>","protected":false},"featured_media":2761,"template":"","meta":[],"product_brand":[],"product_cat":[331],"product_tag":[],"class_list":{"0":"post-2732","1":"product","2":"type-product","3":"status-publish","4":"has-post-thumbnail","6":"product_cat-raamatud","8":"first","9":"instock","10":"taxable","11":"shipping-taxable","12":"purchasable","13":"product-type-simple"},"_links":{"self":[{"href":"https:\/\/pipraveski.ee\/en\/wp-json\/wp\/v2\/product\/2732","targetHints":{"allow":["GET"]}}],"collection":[{"href":"https:\/\/pipraveski.ee\/en\/wp-json\/wp\/v2\/product"}],"about":[{"href":"https:\/\/pipraveski.ee\/en\/wp-json\/wp\/v2\/types\/product"}],"wp:featuredmedia":[{"embeddable":true,"href":"https:\/\/pipraveski.ee\/en\/wp-json\/wp\/v2\/media\/2761"}],"wp:attachment":[{"href":"https:\/\/pipraveski.ee\/en\/wp-json\/wp\/v2\/media?parent=2732"}],"wp:term":[{"taxonomy":"product_brand","embeddable":true,"href":"https:\/\/pipraveski.ee\/en\/wp-json\/wp\/v2\/product_brand?post=2732"},{"taxonomy":"product_cat","embeddable":true,"href":"https:\/\/pipraveski.ee\/en\/wp-json\/wp\/v2\/product_cat?post=2732"},{"taxonomy":"product_tag","embeddable":true,"href":"https:\/\/pipraveski.ee\/en\/wp-json\/wp\/v2\/product_tag?post=2732"}],"curies":[{"name":"wp","href":"https:\/\/api.w.org\/{rel}","templated":true}]}}