{"id":272,"date":"2025-10-22T19:01:32","date_gmt":"2025-10-22T16:01:32","guid":{"rendered":"https:\/\/pipraveski.ee\/?post_type=product&#038;p=272"},"modified":"2026-04-17T11:32:34","modified_gmt":"2026-04-17T08:32:34","slug":"karripasta-punane-chefs-choice-1kg","status":"publish","type":"product","link":"https:\/\/pipraveski.ee\/en\/product\/karripasta-punane-chefs-choice-1kg\/","title":{"rendered":"Curry paste, red, Chef\u00b4s Choice, 1kg"},"content":{"rendered":"<p>Rikkalik ja kreemjas Tai punane karripasta.<\/p>\n<p>Kvoot: punane t\u0161illi (35%), k\u00fc\u00fc\u00fcslauk, salt, sibul, v\u00fcrtsid.<\/p>\n<p>Nutrition information per 100g<br \/>\nEnergiasisaldus 590 kJ \/ 141 kcal<br \/>\nRasvad 2g<br \/>\nof which saturated fatty acids 0g<br \/>\nS\u00fcsivesikud 26g<br \/>\nmillest suhkrud 4g<br \/>\nValgud 4g<br \/>\nSol 3,7g<\/p>\n<p>Country of origin: Thailand<\/p>","protected":false},"excerpt":{"rendered":"<p>Rikkalik ja kreemjas Tai punane karripasta, t\u0161illit 35%.<\/p>","protected":false},"featured_media":301,"template":"","meta":[],"product_brand":[],"product_cat":[308],"product_tag":[],"class_list":{"0":"post-272","1":"product","2":"type-product","3":"status-publish","4":"has-post-thumbnail","6":"product_cat-maitseaine-pastad-kastmed","8":"first","9":"outofstock","10":"taxable","11":"shipping-taxable","12":"purchasable","13":"product-type-simple"},"_links":{"self":[{"href":"https:\/\/pipraveski.ee\/en\/wp-json\/wp\/v2\/product\/272","targetHints":{"allow":["GET"]}}],"collection":[{"href":"https:\/\/pipraveski.ee\/en\/wp-json\/wp\/v2\/product"}],"about":[{"href":"https:\/\/pipraveski.ee\/en\/wp-json\/wp\/v2\/types\/product"}],"wp:featuredmedia":[{"embeddable":true,"href":"https:\/\/pipraveski.ee\/en\/wp-json\/wp\/v2\/media\/301"}],"wp:attachment":[{"href":"https:\/\/pipraveski.ee\/en\/wp-json\/wp\/v2\/media?parent=272"}],"wp:term":[{"taxonomy":"product_brand","embeddable":true,"href":"https:\/\/pipraveski.ee\/en\/wp-json\/wp\/v2\/product_brand?post=272"},{"taxonomy":"product_cat","embeddable":true,"href":"https:\/\/pipraveski.ee\/en\/wp-json\/wp\/v2\/product_cat?post=272"},{"taxonomy":"product_tag","embeddable":true,"href":"https:\/\/pipraveski.ee\/en\/wp-json\/wp\/v2\/product_tag?post=272"}],"curies":[{"name":"wp","href":"https:\/\/api.w.org\/{rel}","templated":true}]}}