{"id":2714,"date":"2025-10-22T19:11:23","date_gmt":"2025-10-22T16:11:23","guid":{"rendered":"https:\/\/pipraveski.ee\/?post_type=product&#038;p=2714"},"modified":"2026-04-17T12:00:30","modified_gmt":"2026-04-17T09:00:30","slug":"plov-50g","status":"publish","type":"product","link":"https:\/\/pipraveski.ee\/en\/product\/plov-50g\/","title":{"rendered":"Plov, 50g"},"content":{"rendered":"<p>Maitseaine segu riisiroa pilafi maitsestamiseks.<\/p>\n<p>Koostisosad: paprika, punane pipar, safran, barbariss, v\u00fcrtsk\u00f6\u00f6men, koriander.<\/p>","protected":false},"excerpt":{"rendered":"<p>Maitseaine riisiroa pilafi maitsestamiseks.<\/p>","protected":false},"featured_media":2744,"template":"","meta":[],"product_brand":[],"product_cat":[307],"product_tag":[],"class_list":{"0":"post-2714","1":"product","2":"type-product","3":"status-publish","4":"has-post-thumbnail","6":"product_cat-maitseainesegud","8":"first","9":"outofstock","10":"taxable","11":"shipping-taxable","12":"purchasable","13":"product-type-simple"},"_links":{"self":[{"href":"https:\/\/pipraveski.ee\/en\/wp-json\/wp\/v2\/product\/2714","targetHints":{"allow":["GET"]}}],"collection":[{"href":"https:\/\/pipraveski.ee\/en\/wp-json\/wp\/v2\/product"}],"about":[{"href":"https:\/\/pipraveski.ee\/en\/wp-json\/wp\/v2\/types\/product"}],"wp:featuredmedia":[{"embeddable":true,"href":"https:\/\/pipraveski.ee\/en\/wp-json\/wp\/v2\/media\/2744"}],"wp:attachment":[{"href":"https:\/\/pipraveski.ee\/en\/wp-json\/wp\/v2\/media?parent=2714"}],"wp:term":[{"taxonomy":"product_brand","embeddable":true,"href":"https:\/\/pipraveski.ee\/en\/wp-json\/wp\/v2\/product_brand?post=2714"},{"taxonomy":"product_cat","embeddable":true,"href":"https:\/\/pipraveski.ee\/en\/wp-json\/wp\/v2\/product_cat?post=2714"},{"taxonomy":"product_tag","embeddable":true,"href":"https:\/\/pipraveski.ee\/en\/wp-json\/wp\/v2\/product_tag?post=2714"}],"curies":[{"name":"wp","href":"https:\/\/api.w.org\/{rel}","templated":true}]}}