{"id":2713,"date":"2025-10-22T19:11:23","date_gmt":"2025-10-22T16:11:23","guid":{"rendered":"https:\/\/pipraveski.ee\/?post_type=product&#038;p=2713"},"modified":"2026-04-17T11:32:59","modified_gmt":"2026-04-17T08:32:59","slug":"tandoori-marinaadi-pasta-312g-pataks","status":"publish","type":"product","link":"https:\/\/pipraveski.ee\/en\/product\/tandoori-marinaadi-pasta-312g-pataks\/","title":{"rendered":"Tandoori marinaadi pasta, 312g (Patak&#8217;s)"},"content":{"rendered":"<p>See toode koos taime\u00f5li ja maitsestamata jogurtiga sobib ideaalselt kana pintseldamiseks. Seda ei tohi kunagi s\u00fc\u00fca toorelt, vaid seda tohib kasutada ainult liha maitsestamiseks. Tandoori marinaadipasta ingveri, tamarindi ja maitseainetega autentse maitsega tandooriroogadesse. V\u00fcrtsikas.<\/p>\n<p>Koostis: vesi, ingverip\u00fcree, jahvatatud v\u00fcrtsid (11%) (koriander, v\u00fcrtsk\u00f6\u00f6men, v\u00fcrtsid), tamarind, sool, happeregulaator (\u00e4\u00e4dikhape, piimhape), k\u00fc\u00fcslaugupulber, v\u00e4rvained (E163, E122, E129).<\/p>\n<p>Nutrition information per 100g:<br \/>\nEnergiasisaldus 416kj\/99kcal<br \/>\nRasvad 2,7g<br \/>\nof which saturated fatty acids 0,3g<br \/>\nS\u00fcsivesikud 10,1g<br \/>\nmillest suhkrud 4,2g<br \/>\nProtein 3,5g<br \/>\nSool 6,1g<\/p>\n<p>Country of origin: United Kingdom<\/p>\n<p>&nbsp;<\/p>","protected":false},"excerpt":{"rendered":"<p>Autentne segu aromaatsetest v\u00fcrtsidest, ingverist ja tamarindist kaunilt tasakaalustatud Tandoori roa jaoks.<\/p>","protected":false},"featured_media":2743,"template":"","meta":[],"product_brand":[245],"product_cat":[308],"product_tag":[],"class_list":{"0":"post-2713","1":"product","2":"type-product","3":"status-publish","4":"has-post-thumbnail","6":"product_brand-pataks","7":"product_cat-maitseaine-pastad-kastmed","9":"first","10":"instock","11":"taxable","12":"shipping-taxable","13":"purchasable","14":"product-type-simple"},"_links":{"self":[{"href":"https:\/\/pipraveski.ee\/en\/wp-json\/wp\/v2\/product\/2713","targetHints":{"allow":["GET"]}}],"collection":[{"href":"https:\/\/pipraveski.ee\/en\/wp-json\/wp\/v2\/product"}],"about":[{"href":"https:\/\/pipraveski.ee\/en\/wp-json\/wp\/v2\/types\/product"}],"wp:featuredmedia":[{"embeddable":true,"href":"https:\/\/pipraveski.ee\/en\/wp-json\/wp\/v2\/media\/2743"}],"wp:attachment":[{"href":"https:\/\/pipraveski.ee\/en\/wp-json\/wp\/v2\/media?parent=2713"}],"wp:term":[{"taxonomy":"product_brand","embeddable":true,"href":"https:\/\/pipraveski.ee\/en\/wp-json\/wp\/v2\/product_brand?post=2713"},{"taxonomy":"product_cat","embeddable":true,"href":"https:\/\/pipraveski.ee\/en\/wp-json\/wp\/v2\/product_cat?post=2713"},{"taxonomy":"product_tag","embeddable":true,"href":"https:\/\/pipraveski.ee\/en\/wp-json\/wp\/v2\/product_tag?post=2713"}],"curies":[{"name":"wp","href":"https:\/\/api.w.org\/{rel}","templated":true}]}}