{"id":2711,"date":"2025-10-22T19:11:23","date_gmt":"2025-10-22T16:11:23","guid":{"rendered":"https:\/\/pipraveski.ee\/?post_type=product&#038;p=2711"},"modified":"2026-04-17T11:32:41","modified_gmt":"2026-04-17T08:32:41","slug":"kergelt-vurtsikas-currywurst-kaste-hela-300ml","status":"publish","type":"product","link":"https:\/\/pipraveski.ee\/en\/product\/kergelt-vurtsikas-currywurst-kaste-hela-300ml\/","title":{"rendered":"Mildly spicy curry sausage sauce, HELA, 300ml"},"content":{"rendered":"<p>Koostisosad:&nbsp;Tomatipasta, joogivesi, suhkur, \u00f5unap\u00fcree, piirituse\u00e4\u00e4dikas, modifitseeritud maisit\u00e4rklis, karri (1,5%), lauasool, paksendaja: [guarkummi, jaanikaunakummi].<\/p>\n<p>Gluteenivaba, laktoosivaba, ilma s\u00e4ilitusaineteta, vegan.<br \/>\nEnnem tarvitamist loksutada. Peale avamist hoida k\u00fclmikus.<\/p>\n<p><span style=\"font-size: 13px\">Toitumisalane teave 100g kohta:<\/span><br style=\"font-size: 13px\" \/><br \/>\n<span style=\"font-size: 13px\">Energiasisaldus 437 kJ \/ 104 kcal<\/span><br style=\"font-size: 13px\" \/><br \/>\n<span style=\"font-size: 13px\">Rasvad 0,5g<\/span><br style=\"font-size: 13px\" \/><br \/>\n<span style=\"font-size: 13px\">millest k\u00fcllastunud rasvhapped 0,1g<\/span><br style=\"font-size: 13px\" \/><br \/>\n<span style=\"font-size: 13px\">S\u00fcsivesikud 21,5 g<\/span><br style=\"font-size: 13px\" \/><br \/>\n<span style=\"font-size: 13px\">millest suhkrud 17,9 g<\/span><br style=\"font-size: 13px\" \/><br \/>\n<span style=\"font-size: 13px\">Valgud 1,6 g<\/span><br style=\"font-size: 13px\" \/><br \/>\n<span style=\"font-size: 13px\">Sool 0,8 g<\/p>\n<p>P\u00e4ritolumaa: Saksamaa<\/span><\/p>\n","protected":false},"excerpt":{"rendered":"<p>Hela curry sausage gravy has a nice, fine, fruity spiciness, and of course it goes well with sausages as well as French fries and more.<\/p>","protected":false},"featured_media":2741,"template":"","meta":[],"product_brand":[],"product_cat":[317],"product_tag":[],"class_list":{"0":"post-2711","1":"product","2":"type-product","3":"status-publish","4":"has-post-thumbnail","6":"product_cat-kastmed-sinepid-tsatnid","8":"first","9":"outofstock","10":"taxable","11":"shipping-taxable","12":"purchasable","13":"product-type-simple"},"_links":{"self":[{"href":"https:\/\/pipraveski.ee\/en\/wp-json\/wp\/v2\/product\/2711","targetHints":{"allow":["GET"]}}],"collection":[{"href":"https:\/\/pipraveski.ee\/en\/wp-json\/wp\/v2\/product"}],"about":[{"href":"https:\/\/pipraveski.ee\/en\/wp-json\/wp\/v2\/types\/product"}],"wp:featuredmedia":[{"embeddable":true,"href":"https:\/\/pipraveski.ee\/en\/wp-json\/wp\/v2\/media\/2741"}],"wp:attachment":[{"href":"https:\/\/pipraveski.ee\/en\/wp-json\/wp\/v2\/media?parent=2711"}],"wp:term":[{"taxonomy":"product_brand","embeddable":true,"href":"https:\/\/pipraveski.ee\/en\/wp-json\/wp\/v2\/product_brand?post=2711"},{"taxonomy":"product_cat","embeddable":true,"href":"https:\/\/pipraveski.ee\/en\/wp-json\/wp\/v2\/product_cat?post=2711"},{"taxonomy":"product_tag","embeddable":true,"href":"https:\/\/pipraveski.ee\/en\/wp-json\/wp\/v2\/product_tag?post=2711"}],"curies":[{"name":"wp","href":"https:\/\/api.w.org\/{rel}","templated":true}]}}