{"id":270,"date":"2025-10-22T19:01:32","date_gmt":"2025-10-22T16:01:32","guid":{"rendered":"https:\/\/pipraveski.ee\/?post_type=product&#038;p=270"},"modified":"2026-04-17T11:31:57","modified_gmt":"2026-04-17T08:31:57","slug":"asafootida-hing-vandevi-50g","status":"publish","type":"product","link":"https:\/\/pipraveski.ee\/en\/product\/asafootida-hing-vandevi-50g\/","title":{"rendered":"Asafoetida, (Hing Vandevi), 50g"},"content":{"rendered":"<p>Asafoetida (Heeng v\u00f5i Hing) on \u200b\u200bv\u00e4ga populaarne India kulinaarne koostisosa, millel on v\u00f5imas l\u00f5hn, mis annab roale omap\u00e4rase aroomi.<br \/>\nVana-Roomas kasutati seda sageli lambaliha maitseainena. Praadimisel muutub maitse pigem sibula sarnaseks.<\/p>\n<p>Kasutamine: K\u00fc\u00fcslaugu\/sibula maitse lisamiseks k\u00f5ikidesse roogadesse.<\/p>\n<p>N\u00e4pun\u00e4ide! T\u00e4ida k\u00f5rge klaas petipiima piparm\u00fcndi ja koriandri lehtedega ning n\u00e4puotsat\u00e4is Heengit teeb laheda, loomulikult v\u00e4rskendava ja tervisliku suvejoogi!<\/p>\n<p>Koostis: asafoetida, kurkum, NISU- ja riisijahu, araabiakumm.<\/p>\n<p>Nutrition information per 100 g<br \/>\nEnergiasisaldus 1527 kj\/&nbsp; 365 Kcal<br \/>\nRasvad&nbsp; 4g<br \/>\nmillest k\u00fcllastunud rasvhapped 1,4g<br \/>\n<span style=\"font-size: 13px\">S\u00fcsivesikud 59,2 g<\/span><br style=\"font-size: 13px\" \/><br \/>\n<span style=\"font-size: 13px\">of which sugars 0g<\/span><br \/>\nValgud 6,2 g<br \/>\nSalt 0,1g<\/p>","protected":false},"excerpt":{"rendered":"<p>Asafoetida on Indias laialdaselt kasutatav v\u00fcrts. Maitse meenutab k\u00fc\u00fcslauku ja sibulat \u2013 tugeva intensiivse l\u00f5hna ja maitsega.<\/p>","protected":false},"featured_media":299,"template":"","meta":[],"product_brand":[],"product_cat":[338],"product_tag":[],"class_list":{"0":"post-270","1":"product","2":"type-product","3":"status-publish","4":"has-post-thumbnail","6":"product_cat-puhtad-maitsed","8":"first","9":"instock","10":"taxable","11":"shipping-taxable","12":"purchasable","13":"product-type-simple"},"_links":{"self":[{"href":"https:\/\/pipraveski.ee\/en\/wp-json\/wp\/v2\/product\/270","targetHints":{"allow":["GET"]}}],"collection":[{"href":"https:\/\/pipraveski.ee\/en\/wp-json\/wp\/v2\/product"}],"about":[{"href":"https:\/\/pipraveski.ee\/en\/wp-json\/wp\/v2\/types\/product"}],"wp:featuredmedia":[{"embeddable":true,"href":"https:\/\/pipraveski.ee\/en\/wp-json\/wp\/v2\/media\/299"}],"wp:attachment":[{"href":"https:\/\/pipraveski.ee\/en\/wp-json\/wp\/v2\/media?parent=270"}],"wp:term":[{"taxonomy":"product_brand","embeddable":true,"href":"https:\/\/pipraveski.ee\/en\/wp-json\/wp\/v2\/product_brand?post=270"},{"taxonomy":"product_cat","embeddable":true,"href":"https:\/\/pipraveski.ee\/en\/wp-json\/wp\/v2\/product_cat?post=270"},{"taxonomy":"product_tag","embeddable":true,"href":"https:\/\/pipraveski.ee\/en\/wp-json\/wp\/v2\/product_tag?post=270"}],"curies":[{"name":"wp","href":"https:\/\/api.w.org\/{rel}","templated":true}]}}