{"id":268,"date":"2025-10-22T19:01:32","date_gmt":"2025-10-22T16:01:32","guid":{"rendered":"https:\/\/pipraveski.ee\/?post_type=product&#038;p=268"},"modified":"2026-04-17T11:32:05","modified_gmt":"2026-04-17T08:32:05","slug":"sailituskarp-senta-98x65x65-cm-100g","status":"publish","type":"product","link":"https:\/\/pipraveski.ee\/en\/product\/sailituskarp-senta-98x65x65-cm-100g\/","title":{"rendered":"Storage box \u201cSenta\u201d, 9,8\u00d76,5\u00d76,5 cm, 100g"},"content":{"rendered":"<p>Ilus metallkarbike, mis kaunistab sinu kodu!<br \/>\nSobib suurep\u00e4raselt tee v\u00f5i muude v\u00e4iksemas koguses kuivainete hoiustamiseks.&nbsp;<\/p>\n<p>Vaata ka meie sama seeria kruuse!<\/p>","protected":false},"excerpt":{"rendered":"<p>Ilus metallkarbike, mis kaunistab sinu kodu! Sobib suurep\u00e4raselt tee v\u00f5i muude v\u00e4iksemas koguses kuivainete hoiustamiseks.&nbsp; Vaata ka meie sama seeria kruuse!<\/p>","protected":false},"featured_media":297,"template":"","meta":[],"product_brand":[239],"product_cat":[330],"product_tag":[],"class_list":{"0":"post-268","1":"product","2":"type-product","3":"status-publish","4":"has-post-thumbnail","6":"product_brand-chacult-gmbh","7":"product_cat-koogitarvikud","9":"first","10":"instock","11":"taxable","12":"shipping-taxable","13":"purchasable","14":"product-type-simple"},"_links":{"self":[{"href":"https:\/\/pipraveski.ee\/en\/wp-json\/wp\/v2\/product\/268","targetHints":{"allow":["GET"]}}],"collection":[{"href":"https:\/\/pipraveski.ee\/en\/wp-json\/wp\/v2\/product"}],"about":[{"href":"https:\/\/pipraveski.ee\/en\/wp-json\/wp\/v2\/types\/product"}],"wp:featuredmedia":[{"embeddable":true,"href":"https:\/\/pipraveski.ee\/en\/wp-json\/wp\/v2\/media\/297"}],"wp:attachment":[{"href":"https:\/\/pipraveski.ee\/en\/wp-json\/wp\/v2\/media?parent=268"}],"wp:term":[{"taxonomy":"product_brand","embeddable":true,"href":"https:\/\/pipraveski.ee\/en\/wp-json\/wp\/v2\/product_brand?post=268"},{"taxonomy":"product_cat","embeddable":true,"href":"https:\/\/pipraveski.ee\/en\/wp-json\/wp\/v2\/product_cat?post=268"},{"taxonomy":"product_tag","embeddable":true,"href":"https:\/\/pipraveski.ee\/en\/wp-json\/wp\/v2\/product_tag?post=268"}],"curies":[{"name":"wp","href":"https:\/\/api.w.org\/{rel}","templated":true}]}}