{"id":2678,"date":"2025-10-22T19:11:10","date_gmt":"2025-10-22T16:11:10","guid":{"rendered":"https:\/\/pipraveski.ee\/?post_type=product&#038;p=2678"},"modified":"2026-04-17T11:31:38","modified_gmt":"2026-04-17T08:31:38","slug":"kaste-melinda-habanero-kreemjas-kanatiibadele-355ml","status":"publish","type":"product","link":"https:\/\/pipraveski.ee\/en\/product\/kaste-melinda-habanero-kreemjas-kanatiibadele-355ml\/","title":{"rendered":"Sauce, Melinda Habanero, creamy, for chicken wings, 355ml"},"content":{"rendered":"<p>V\u00e4ga maitsev kaste Cayenne&#8217;i ja Habanero piprast.<br \/>\nMelinda filosoofia on lihtne- kuumus ja maitse t\u00e4hendavad k\u00f5ike. Melinda kreemjas Habanero kanatiivakaste on valmistatud kastmeks ja katteks k\u00f5ikidele lihadele. Segasime tulised, kuumad habanerod natukese cayenne&#8217;iga, et saada k\u00f5ige vastupandamatult v\u00fcrtsikam kaste, mida olete kunagi liha maitsestamisel kasutanud.<\/p>\n<p>KASUTAMINE: Suurep\u00e4rane praetud v\u00f5i k\u00fcpsetatud kanatiibadel, kondita kanal, krevettidel, salatitel, wrappidel, v\u00f5ileibadel ja pitsal.<\/p>\n<p><strong>Ingredients: <\/strong>Vesi, valge \u00e4\u00e4dikas, cayenne&#8217;i pipar, habanero pipar, porgand, rapsi taime\u00f5li, sibul, laimimahl, sool, k\u00fc\u00fcslauk, ksantaankummi, looduslik maitse (v\u00f5i).<\/p>\n<p><strong>Teadaolevad allergeenid:<\/strong> v\u00f5ib sisaldada puup\u00e4hklite (kookosp\u00e4hkli) j\u00e4lgi. See toode on valmistatud tehases, mis t\u00f6\u00f6tleb: muna, sojaoad, nisu.<\/p>\n<p>Nutrition information per 100 g:<br \/>\nEnergiasisaldus 186,6kJ \/ 44,6kcal<br \/>\nFats 0,0g<br \/>\nof which unsaturated fatty acids 0,0g<br \/>\nCarbohydrates 8,3g<br \/>\nSuhkruid 2,3g<br \/>\nProtein 0,0g<br \/>\nSool 2,4g<\/p>","protected":false},"excerpt":{"rendered":"<p>V\u00e4ga maitsev kaste Cayenne&#8217;i ja Habanero piprast. Melinda filosoofia on lihtne- kuumus ja maitse t\u00e4hendavad k\u00f5ike. Melinda kreemjas Habanero kanatiivakaste on valmistatud kastmeks ja katteks k\u00f5ikidele lihadele. Segasime tulised, kuumad habanerod natukese cayenne&#8217;iga, et saada k\u00f5ige vastupandamatult v\u00fcrtsikam kaste, mida olete kunagi liha maitsestamisel kasutanud. KASUTAMINE: Suurep\u00e4rane praetud v\u00f5i k\u00fcpsetatud kanatiibadel, kondita kanal, krevettidel, salatitel, [&hellip;]<\/p>\n","protected":false},"featured_media":2707,"template":"","meta":[],"product_brand":[],"product_cat":[302],"product_tag":[],"class_list":{"0":"post-2678","1":"product","2":"type-product","3":"status-publish","4":"has-post-thumbnail","6":"product_cat-marinaadid-kastmed-pastad","8":"first","9":"outofstock","10":"taxable","11":"shipping-taxable","12":"purchasable","13":"product-type-simple"},"_links":{"self":[{"href":"https:\/\/pipraveski.ee\/en\/wp-json\/wp\/v2\/product\/2678","targetHints":{"allow":["GET"]}}],"collection":[{"href":"https:\/\/pipraveski.ee\/en\/wp-json\/wp\/v2\/product"}],"about":[{"href":"https:\/\/pipraveski.ee\/en\/wp-json\/wp\/v2\/types\/product"}],"wp:featuredmedia":[{"embeddable":true,"href":"https:\/\/pipraveski.ee\/en\/wp-json\/wp\/v2\/media\/2707"}],"wp:attachment":[{"href":"https:\/\/pipraveski.ee\/en\/wp-json\/wp\/v2\/media?parent=2678"}],"wp:term":[{"taxonomy":"product_brand","embeddable":true,"href":"https:\/\/pipraveski.ee\/en\/wp-json\/wp\/v2\/product_brand?post=2678"},{"taxonomy":"product_cat","embeddable":true,"href":"https:\/\/pipraveski.ee\/en\/wp-json\/wp\/v2\/product_cat?post=2678"},{"taxonomy":"product_tag","embeddable":true,"href":"https:\/\/pipraveski.ee\/en\/wp-json\/wp\/v2\/product_tag?post=2678"}],"curies":[{"name":"wp","href":"https:\/\/api.w.org\/{rel}","templated":true}]}}