{"id":2673,"date":"2025-10-22T19:11:10","date_gmt":"2025-10-22T16:11:10","guid":{"rendered":"https:\/\/pipraveski.ee\/?post_type=product&#038;p=2673"},"modified":"2026-04-17T11:32:43","modified_gmt":"2026-04-17T08:32:43","slug":"salsa-guacamole-240g","status":"publish","type":"product","link":"https:\/\/pipraveski.ee\/en\/product\/salsa-guacamole-240g\/","title":{"rendered":"Salsa Guacamole, 240g"},"content":{"rendered":"<p style=\"font-size: 0.975rem;line-height: 1.5rem;margin: 0rem 0rem 1.25rem\">Herdez on tuntud oma kvaliteetsete koostisosade poolest ning esindab Mehhiko s\u00fcdant ja hinge. Guacamole on \u00fcks populaarsemaid salsasid maailmas ja see v\u00fcrtsikas, kreemjas keerdumine aluskastmel viib selle t\u00e4iesti uuele tasemele. See on valmistatud roheliste tomatite, t\u0161illi jalapenode ja avokaadoga.<\/p>\n<p>See salsa kuulub Mehhiko k\u00f6\u00f6gi armastaja igasse sahvrisse. See sobib suurep\u00e4raselt kastmiseks, tortillakr\u00f5psudega s\u00f6\u00f6miseks v\u00f5i tacode peale.<\/p>\n<p style=\"font-size: 0.975rem;line-height: 1.5rem;margin: 0rem 0rem 1.25rem\"><span style=\", sans-serif;font-size: 15px\"><strong>Koostisosad: <\/strong>Vesi, rohelised tomatid, \u00f5li, t\u0161illi, avokaado, sibul, koriander, kunstlikud ja looduslikud maitseained, sool, sidrunimahl, k\u00fc\u00fcslaugupulber, naatriumer\u00fctorbaat, ksantaankummi, askorbiinhape, sidrunhape, kunstlikud v\u00e4rvid tartrasiin p\u00e4ikesekollane ja helesinine [see v\u00e4rv v\u00f5ib avaldada negatiivset m\u00f5ju laste aktiivsusele ja t\u00e4helepanule].<\/span><\/p>\n<p><strong>Toitumisalane teave&nbsp;100g kohta:<\/strong><br \/>\nEnergia 828 kJ \/ 198 kcal<br \/>\nRasv 19,0g<br \/>\nmillest k\u00fcllastunud rasvhapped 2,7g<br \/>\nS\u00fcsivesikuid 3,9g<br \/>\nmillest suhkrud 2,4g<br \/>\nValk 1,6g<br \/>\nSool 0,63g<\/p>\n<p style=\"font-size: 0.975rem;line-height: 1.5rem;margin: 0rem 0rem 1.25rem\">P\u00e4ritolumaa: Saksamaa<\/p>\n","protected":false},"excerpt":{"rendered":"<p>Herdez on tuntud oma kvaliteetsete koostisosade poolest ning esindab Mehhiko s\u00fcdant ja hinge. Guacamole on \u00fcks populaarsemaid salsasid maailmas ja see v\u00fcrtsikas, kreemjas keerdumine aluskastmel viib selle t\u00e4iesti uuele tasemele. See on valmistatud roheliste tomatite, t\u0161illi jalapenode ja avokaadoga. See salsa kuulub Mehhiko k\u00f6\u00f6gi armastaja igasse sahvrisse. See sobib suurep\u00e4raselt kastmiseks, tortillakr\u00f5psudega s\u00f6\u00f6miseks v\u00f5i tacode [&hellip;]<\/p>\n","protected":false},"featured_media":2702,"template":"","meta":[],"product_brand":[],"product_cat":[317],"product_tag":[],"class_list":{"0":"post-2673","1":"product","2":"type-product","3":"status-publish","4":"has-post-thumbnail","6":"product_cat-kastmed-sinepid-tsatnid","8":"first","9":"outofstock","10":"taxable","11":"shipping-taxable","12":"purchasable","13":"product-type-simple"},"_links":{"self":[{"href":"https:\/\/pipraveski.ee\/en\/wp-json\/wp\/v2\/product\/2673","targetHints":{"allow":["GET"]}}],"collection":[{"href":"https:\/\/pipraveski.ee\/en\/wp-json\/wp\/v2\/product"}],"about":[{"href":"https:\/\/pipraveski.ee\/en\/wp-json\/wp\/v2\/types\/product"}],"wp:featuredmedia":[{"embeddable":true,"href":"https:\/\/pipraveski.ee\/en\/wp-json\/wp\/v2\/media\/2702"}],"wp:attachment":[{"href":"https:\/\/pipraveski.ee\/en\/wp-json\/wp\/v2\/media?parent=2673"}],"wp:term":[{"taxonomy":"product_brand","embeddable":true,"href":"https:\/\/pipraveski.ee\/en\/wp-json\/wp\/v2\/product_brand?post=2673"},{"taxonomy":"product_cat","embeddable":true,"href":"https:\/\/pipraveski.ee\/en\/wp-json\/wp\/v2\/product_cat?post=2673"},{"taxonomy":"product_tag","embeddable":true,"href":"https:\/\/pipraveski.ee\/en\/wp-json\/wp\/v2\/product_tag?post=2673"}],"curies":[{"name":"wp","href":"https:\/\/api.w.org\/{rel}","templated":true}]}}