{"id":2667,"date":"2025-10-22T19:11:10","date_gmt":"2025-10-22T16:11:10","guid":{"rendered":"https:\/\/pipraveski.ee\/?post_type=product&#038;p=2667"},"modified":"2026-04-17T11:32:45","modified_gmt":"2026-04-17T08:32:45","slug":"marie-sharps-habanero-kaste-148ml","status":"publish","type":"product","link":"https:\/\/pipraveski.ee\/en\/product\/marie-sharps-habanero-kaste-148ml\/","title":{"rendered":"Marie Sharps, Habanero sauce, 148ml"},"content":{"rendered":"<p><span style=\", sans-serif;font-size: 15.6px\"><span style=\"font-size:14px\">K\u00f5igi kastmete ema. Marie esimene Habanero kaste, mis on n\u00fc\u00fcd rahvusvaheliselt kuulus ja mida sageli kiidetakse.<br \/>\nMaitsvate k\u00f6\u00f6giviljade ja paljude Habanerodega, mis k\u00fcpsesid Belize&#8217;i troopilise p\u00e4ikese all.<br \/>\nMarie saladus?&nbsp;See on \u00fcsna lihtne. Marie j\u00e4tab \u00e4\u00e4dika v\u00e4lja ja keskendub sellele,&nbsp;et lasta oma riigi p\u00e4ikesek\u00fcpsenud koostisosadel omaks saada.<br \/>\nKastme nimi \u00fctleb k\u00f5ik: Kuum!<\/span><\/p>\n<p><strong>Ingredients:&nbsp;<\/strong><\/span><span style=\", sans-serif;font-size: 15px\">Punased Habanero t\u0161illid, porgandid, sibulad, laimimahl, \u00e4\u00e4dikas, k\u00fc\u00fcslauk, sool.<\/span><\/p>\n<p><strong>Nutrition information per 100g:<\/strong><br \/>\nEnergiasisaldus 129 kJ \/ 31 kcal<br \/>\nFats 0,5g<br \/>\nK\u00fcllastunud rasvhappeid 0,05g<br \/>\nS\u00fcsivesikuid 4,0g<br \/>\nSuhkruid 3,6g<br \/>\nValgud 1,3g<br \/>\nSoola 3,0g<\/p>\n<p>\n<strong>Storage: <\/strong>p\u00e4rast avamist s\u00e4ilib toode temperatuuril alla 7 kraadi v\u00e4hemalt 6 kuud.<\/p>\n<p>Country of origin: Germany<br \/>\n&nbsp;<\/p>","protected":false},"excerpt":{"rendered":"<p>K\u00f5igi kastmete ema. Marie esimene Habanero kaste, mis on n\u00fc\u00fcd rahvusvaheliselt kuulus ja mida sageli kiidetakse. Maitsvate k\u00f6\u00f6giviljade ja paljude Habanerodega, mis k\u00fcpsesid Belize&#8217;i troopilise p\u00e4ikese all. Marie saladus?&nbsp;See on \u00fcsna lihtne. Marie j\u00e4tab \u00e4\u00e4dika v\u00e4lja ja keskendub sellele,&nbsp;et lasta oma riigi p\u00e4ikesek\u00fcpsenud koostisosadel omaks saada. Kastme nimi \u00fctleb k\u00f5ik: Kuum! Koostisosad:&nbsp;Punased Habanero t\u0161illid, porgandid, [&hellip;]<\/p>\n","protected":false},"featured_media":2697,"template":"","meta":[],"product_brand":[],"product_cat":[317],"product_tag":[],"class_list":{"0":"post-2667","1":"product","2":"type-product","3":"status-publish","4":"has-post-thumbnail","6":"product_cat-kastmed-sinepid-tsatnid","8":"first","9":"outofstock","10":"taxable","11":"shipping-taxable","12":"purchasable","13":"product-type-simple"},"_links":{"self":[{"href":"https:\/\/pipraveski.ee\/en\/wp-json\/wp\/v2\/product\/2667","targetHints":{"allow":["GET"]}}],"collection":[{"href":"https:\/\/pipraveski.ee\/en\/wp-json\/wp\/v2\/product"}],"about":[{"href":"https:\/\/pipraveski.ee\/en\/wp-json\/wp\/v2\/types\/product"}],"wp:featuredmedia":[{"embeddable":true,"href":"https:\/\/pipraveski.ee\/en\/wp-json\/wp\/v2\/media\/2697"}],"wp:attachment":[{"href":"https:\/\/pipraveski.ee\/en\/wp-json\/wp\/v2\/media?parent=2667"}],"wp:term":[{"taxonomy":"product_brand","embeddable":true,"href":"https:\/\/pipraveski.ee\/en\/wp-json\/wp\/v2\/product_brand?post=2667"},{"taxonomy":"product_cat","embeddable":true,"href":"https:\/\/pipraveski.ee\/en\/wp-json\/wp\/v2\/product_cat?post=2667"},{"taxonomy":"product_tag","embeddable":true,"href":"https:\/\/pipraveski.ee\/en\/wp-json\/wp\/v2\/product_tag?post=2667"}],"curies":[{"name":"wp","href":"https:\/\/api.w.org\/{rel}","templated":true}]}}