{"id":2666,"date":"2025-10-22T19:11:10","date_gmt":"2025-10-22T16:11:10","guid":{"rendered":"https:\/\/pipraveski.ee\/?post_type=product&#038;p=2666"},"modified":"2026-04-17T11:32:16","modified_gmt":"2026-04-17T08:32:16","slug":"maitseainesegu-captains-seafood-rub-100g","status":"publish","type":"product","link":"https:\/\/pipraveski.ee\/en\/product\/maitseainesegu-captains-seafood-rub-100g\/","title":{"rendered":"Spice mix, Captain's Seafood Rub, HELA, 100g"},"content":{"rendered":"<p>Koostisained: V\u00fcrtsid (koriander, apteegitill, sidrunhein, sibul, aniis, t\u0161illi, ingver, suitsupaprika, suitsutatud jalapeno, kardemon, muskaatp\u00e4hkel, salvei, piment, v\u00fcrtsid), meresool, toor-roosuhkur, dekstroos, hapendaja: sidrunhape, looduslik maitseaine. T\u00e4iteaste v\u00f5ib olenevalt saagist erineda. Hoida jahedas, kuivas ja valguse eest kaitstult temperatuuril kuni +25\u00b0C.<\/p>\n<p>Toitumisalane tabel&nbsp; 100g kohta<br \/>\nK\u00fcttev\u00e4\u00e4rtus 1073 kJ \/ 255 kcal<br \/>\nrasv 5,6 g<br \/>\n&nbsp; &nbsp;saturated fatty acids 0,7 g<br \/>\ncarbohydrates 40 g<br \/>\n&nbsp; &nbsp;millest suhkrud 36 g<br \/>\nvalku 6,3 g<br \/>\nsalt 30,7 g<\/p>\n<p>Allergia N\u00f5uanded toote kohta (sisaldavad allergeene) (35758)<br \/>\nAllergeenid puuduvad v\u00f5i tootja\/tarnija ei ole meile neist teatanud.<\/p>","protected":false},"excerpt":{"rendered":"<p>Koostisosad: V\u00fcrtsid (koriander, apteegitill, sidrunhein, sibul, aniis, t\u0161illi, ingver, suitsupaprika, suitsutatud jalapeno, kardemon, muskaatp\u00e4hkel, salvei, piment, v\u00fcrtsid), meresool, toor-roosuhkur, dekstroos, hapendaja: sidrunhape, looduslik maitseaine. T\u00e4iteaste v\u00f5ib olenevalt saagist erineda. <\/p>","protected":false},"featured_media":2696,"template":"","meta":[],"product_brand":[244],"product_cat":[307],"product_tag":[],"class_list":{"0":"post-2666","1":"product","2":"type-product","3":"status-publish","4":"has-post-thumbnail","6":"product_brand-hela","7":"product_cat-maitseainesegud","9":"first","10":"instock","11":"taxable","12":"shipping-taxable","13":"purchasable","14":"product-type-simple"},"_links":{"self":[{"href":"https:\/\/pipraveski.ee\/en\/wp-json\/wp\/v2\/product\/2666","targetHints":{"allow":["GET"]}}],"collection":[{"href":"https:\/\/pipraveski.ee\/en\/wp-json\/wp\/v2\/product"}],"about":[{"href":"https:\/\/pipraveski.ee\/en\/wp-json\/wp\/v2\/types\/product"}],"wp:featuredmedia":[{"embeddable":true,"href":"https:\/\/pipraveski.ee\/en\/wp-json\/wp\/v2\/media\/2696"}],"wp:attachment":[{"href":"https:\/\/pipraveski.ee\/en\/wp-json\/wp\/v2\/media?parent=2666"}],"wp:term":[{"taxonomy":"product_brand","embeddable":true,"href":"https:\/\/pipraveski.ee\/en\/wp-json\/wp\/v2\/product_brand?post=2666"},{"taxonomy":"product_cat","embeddable":true,"href":"https:\/\/pipraveski.ee\/en\/wp-json\/wp\/v2\/product_cat?post=2666"},{"taxonomy":"product_tag","embeddable":true,"href":"https:\/\/pipraveski.ee\/en\/wp-json\/wp\/v2\/product_tag?post=2666"}],"curies":[{"name":"wp","href":"https:\/\/api.w.org\/{rel}","templated":true}]}}