{"id":2662,"date":"2025-10-22T19:11:10","date_gmt":"2025-10-22T16:11:10","guid":{"rendered":"https:\/\/pipraveski.ee\/?post_type=product&#038;p=2662"},"modified":"2026-04-17T11:32:17","modified_gmt":"2026-04-17T08:32:17","slug":"olleparm-coopers-7g","status":"publish","type":"product","link":"https:\/\/pipraveski.ee\/en\/product\/olleparm-coopers-7g\/","title":{"rendered":"Brewer's yeast, Coopers, 7g"},"content":{"rendered":"<p>\u00d5llep\u00e4rm kuni 25L \u00f5lle ja kalja k\u00e4\u00e4ritamiseks.<\/p>","protected":false},"excerpt":{"rendered":"<p>\u00d5llep\u00e4rm kuni 25L \u00f5lle ja kalja k\u00e4\u00e4ritamiseks.<\/p>","protected":false},"featured_media":2692,"template":"","meta":[],"product_brand":[],"product_cat":[328],"product_tag":[],"class_list":{"0":"post-2662","1":"product","2":"type-product","3":"status-publish","4":"has-post-thumbnail","6":"product_cat-veini-ja-olletarvikud","8":"first","9":"outofstock","10":"taxable","11":"shipping-taxable","12":"purchasable","13":"product-type-simple"},"_links":{"self":[{"href":"https:\/\/pipraveski.ee\/en\/wp-json\/wp\/v2\/product\/2662","targetHints":{"allow":["GET"]}}],"collection":[{"href":"https:\/\/pipraveski.ee\/en\/wp-json\/wp\/v2\/product"}],"about":[{"href":"https:\/\/pipraveski.ee\/en\/wp-json\/wp\/v2\/types\/product"}],"wp:featuredmedia":[{"embeddable":true,"href":"https:\/\/pipraveski.ee\/en\/wp-json\/wp\/v2\/media\/2692"}],"wp:attachment":[{"href":"https:\/\/pipraveski.ee\/en\/wp-json\/wp\/v2\/media?parent=2662"}],"wp:term":[{"taxonomy":"product_brand","embeddable":true,"href":"https:\/\/pipraveski.ee\/en\/wp-json\/wp\/v2\/product_brand?post=2662"},{"taxonomy":"product_cat","embeddable":true,"href":"https:\/\/pipraveski.ee\/en\/wp-json\/wp\/v2\/product_cat?post=2662"},{"taxonomy":"product_tag","embeddable":true,"href":"https:\/\/pipraveski.ee\/en\/wp-json\/wp\/v2\/product_tag?post=2662"}],"curies":[{"name":"wp","href":"https:\/\/api.w.org\/{rel}","templated":true}]}}