{"id":2653,"date":"2025-10-22T19:11:09","date_gmt":"2025-10-22T16:11:09","guid":{"rendered":"https:\/\/pipraveski.ee\/?post_type=product&#038;p=2653"},"modified":"2026-04-17T11:32:42","modified_gmt":"2026-04-17T08:32:42","slug":"kiirnuudlid-ramen-kanaga-100g","status":"publish","type":"product","link":"https:\/\/pipraveski.ee\/en\/product\/kiirnuudlid-ramen-kanaga-100g\/","title":{"rendered":"Kiwi noodles, Ramen, with chicken, 100g"},"content":{"rendered":"<p>Nissin brandi ramen kanamaitselised kiirnuudlid.<\/p>\n<p>Valmistamine:Aseta nuudlid 500ml tulisesse vette ja keeda 3 minutit. Eemalda pliidilt ja lisa maitseainepakike. Serveeri koheselt.<\/p>\n<p><strong>Koostisosad:&nbsp;<\/strong>Nuudlid 91, 5% [NISUjahu, palmi\u00f5li, sool, happesuse regulaatorid (naatriumkarbonaadid, kaaliumkarbonaadid), stabilisaator (trifosfaadid), paksendaja (guarkummi), antioks\u00fcdant (tokoferoolirikas ekstrakt)], maitseainepulber 7, 3%. [Sool, maitsetugevdajad (mononaatriumglutamaat, dinaatriumguan\u00fclaat, dinaatriuminosinaat), suhkur, kanalihapulber 0, 4%*, v\u00fcrtsid, SOJAkastme pulber (SOJAoa, NISU, sool, maltodekstriin), porrulauk, p\u00e4rmiekstrakt, rapsi, l\u00f5hna- ja maitseaine \u00d5li, paakumisvastane aine (r\u00e4nidioksiid), suitsumaitseaine], maitse\u00f5li 1, 2% [r\u00f6stitud SEESAMi\u00f5li, rapsi\u00f5li, l\u00f5hna- ja maitseained, v\u00e4rv (paprika ekstrakt)], *Valmistootes.<\/p>\n<p><strong>Allergeenid:<\/strong> V\u00f5ib sisaldada ka sellerit, v\u00e4hilaadseid, kala, piima, molluskeid ja sinepit.<\/p>\n<p>Toitumisalane teave 100g kohta:<br \/>\nEnergiasisaldus 365kJ \/ 87kcal<br \/>\nRasvad 3,7 g<br \/>\n\u2013 millest k\u00fcllastunud rasvhappeid 1,8 g<br \/>\nS\u00fcsivesikuid 10,7 g<br \/>\n\u2013 millest suhkruid 0,4 g<br \/>\nValgud 2,1 g<br \/>\nSool 1,1 g<\/p>\n","protected":false},"excerpt":{"rendered":"<p>Ramen chicken spicy quick noodles<\/p>","protected":false},"featured_media":2683,"template":"","meta":[],"product_brand":[253],"product_cat":[320],"product_tag":[],"class_list":{"0":"post-2653","1":"product","2":"type-product","3":"status-publish","4":"has-post-thumbnail","6":"product_brand-nissin","7":"product_cat-riis-nuudlid","9":"first","10":"instock","11":"taxable","12":"shipping-taxable","13":"purchasable","14":"product-type-simple"},"_links":{"self":[{"href":"https:\/\/pipraveski.ee\/en\/wp-json\/wp\/v2\/product\/2653","targetHints":{"allow":["GET"]}}],"collection":[{"href":"https:\/\/pipraveski.ee\/en\/wp-json\/wp\/v2\/product"}],"about":[{"href":"https:\/\/pipraveski.ee\/en\/wp-json\/wp\/v2\/types\/product"}],"wp:featuredmedia":[{"embeddable":true,"href":"https:\/\/pipraveski.ee\/en\/wp-json\/wp\/v2\/media\/2683"}],"wp:attachment":[{"href":"https:\/\/pipraveski.ee\/en\/wp-json\/wp\/v2\/media?parent=2653"}],"wp:term":[{"taxonomy":"product_brand","embeddable":true,"href":"https:\/\/pipraveski.ee\/en\/wp-json\/wp\/v2\/product_brand?post=2653"},{"taxonomy":"product_cat","embeddable":true,"href":"https:\/\/pipraveski.ee\/en\/wp-json\/wp\/v2\/product_cat?post=2653"},{"taxonomy":"product_tag","embeddable":true,"href":"https:\/\/pipraveski.ee\/en\/wp-json\/wp\/v2\/product_tag?post=2653"}],"curies":[{"name":"wp","href":"https:\/\/api.w.org\/{rel}","templated":true}]}}