{"id":2652,"date":"2025-10-22T19:11:09","date_gmt":"2025-10-22T16:11:09","guid":{"rendered":"https:\/\/pipraveski.ee\/?post_type=product&#038;p=2652"},"modified":"2026-04-17T11:33:23","modified_gmt":"2026-04-17T08:33:23","slug":"linnuliha-maitseainesegu-magic-71g","status":"publish","type":"product","link":"https:\/\/pipraveski.ee\/en\/product\/linnuliha-maitseainesegu-magic-71g\/","title":{"rendered":"Poultry seasoning, Magic, 71g"},"content":{"rendered":"<p><span style=\"font-size:14px\"><span style=\"font-family: Roboto, sans-serif\">A blend of specially selected spices and herbs that go well with chicken, turkey and duck.<\/span><br style=\"font-family: Roboto, sans-serif;font-size: 18px\" \/><br \/>\n<span style=\"font-family: Roboto, sans-serif\">Great for seasoning grilling, frying and marinades.<\/p>\n<p><strong>Ingredients:<\/strong> Spices (black pepper, basil, chilli, white pepper, thyme), salt, garlic, onion, paprika.<\/span><\/span><\/p>\n<p><span style=\"font-family: Roboto, sans-serif;font-size: 14px\">Nutrition information per 100g:<\/span><br \/>\n<span style=\"font-size:14px\"><span style=\"font-family: Roboto, sans-serif\">Energy content&nbsp;<\/span><span style=\"font-family: Roboto, sans-serif\">828kj\/ 198kcal<\/span><br style=\"font-family: Roboto, sans-serif;font-size: 18px\" \/><br \/>\n<span style=\"font-family: Roboto, sans-serif\">Fats 3g<\/span><br style=\"font-family: Roboto, sans-serif;font-size: 18px\" \/><br \/>\n<span style=\"font-family: Roboto, sans-serif\">of which saturated fatty acids 0,9g<\/span><br style=\"font-family: Roboto, sans-serif;font-size: 18px\" \/><br \/>\n<span style=\"font-family: Roboto, sans-serif\">Carbohydrates 44g<\/span><br style=\"font-family: Roboto, sans-serif;font-size: 18px\" \/><br \/>\n<span style=\"font-family: Roboto, sans-serif\">of which sugars 5,9g<\/span><br style=\"font-family: Roboto, sans-serif;font-size: 18px\" \/><br \/>\n<span style=\"font-family: Roboto, sans-serif\">Fibre 16g<\/span><br style=\"font-family: Roboto, sans-serif;font-size: 18px\" \/><br \/>\n<span style=\"font-family: Roboto, sans-serif\">Protein 8,5g<\/span><br style=\"font-family: Roboto, sans-serif;font-size: 18px\" \/><br \/>\n<span style=\"font-family: Roboto, sans-serif\">Salt 31,7g<\/p>\n<p>Country of origin: LA<\/span><\/span><\/p>","protected":false},"excerpt":{"rendered":"<p>V\u00fcrtsisegu spetsiaalselt valitud v\u00fcrtside ja \u00fcrtidega, mis sobivad h\u00e4sti kana, kalkuniliha ja pardiga. Sobib suurep\u00e4raselt maitsestamiseks grillimisel, praadimisel ja marinaadides. Koostisosad: V\u00fcrtsid (must pipar, basiilik, t\u0161illi, valge pipar, t\u00fc\u00fcmian), sool, k\u00fc\u00fcslauk, sibul, paprika. Toitumisalane teave 100g kohta: Energiasisaldus&nbsp;828kj\/ 198kcal Rasvad 3g millest k\u00fcllastunud rasvhapped 0,9g S\u00fcsivesikuid 44g millest suhkruid 5,9g Kiudaineid 16g Valgud 8,5g Sool [&hellip;]<\/p>\n","protected":false},"featured_media":2682,"template":"","meta":[],"product_brand":[],"product_cat":[307],"product_tag":[],"class_list":{"0":"post-2652","1":"product","2":"type-product","3":"status-publish","4":"has-post-thumbnail","6":"product_cat-maitseainesegud","8":"first","9":"instock","10":"taxable","11":"shipping-taxable","12":"purchasable","13":"product-type-simple"},"_links":{"self":[{"href":"https:\/\/pipraveski.ee\/en\/wp-json\/wp\/v2\/product\/2652","targetHints":{"allow":["GET"]}}],"collection":[{"href":"https:\/\/pipraveski.ee\/en\/wp-json\/wp\/v2\/product"}],"about":[{"href":"https:\/\/pipraveski.ee\/en\/wp-json\/wp\/v2\/types\/product"}],"wp:featuredmedia":[{"embeddable":true,"href":"https:\/\/pipraveski.ee\/en\/wp-json\/wp\/v2\/media\/2682"}],"wp:attachment":[{"href":"https:\/\/pipraveski.ee\/en\/wp-json\/wp\/v2\/media?parent=2652"}],"wp:term":[{"taxonomy":"product_brand","embeddable":true,"href":"https:\/\/pipraveski.ee\/en\/wp-json\/wp\/v2\/product_brand?post=2652"},{"taxonomy":"product_cat","embeddable":true,"href":"https:\/\/pipraveski.ee\/en\/wp-json\/wp\/v2\/product_cat?post=2652"},{"taxonomy":"product_tag","embeddable":true,"href":"https:\/\/pipraveski.ee\/en\/wp-json\/wp\/v2\/product_tag?post=2652"}],"curies":[{"name":"wp","href":"https:\/\/api.w.org\/{rel}","templated":true}]}}