{"id":264,"date":"2025-10-22T19:01:32","date_gmt":"2025-10-22T16:01:32","guid":{"rendered":"https:\/\/pipraveski.ee\/?post_type=product&#038;p=264"},"modified":"2026-04-17T11:33:19","modified_gmt":"2026-04-17T08:33:19","slug":"tonka-oad-20g","status":"publish","type":"product","link":"https:\/\/pipraveski.ee\/en\/product\/tonka-oad-20g\/","title":{"rendered":"Tonka bean, 20g"},"content":{"rendered":"<p>Tonka oad on kaunviljaliste sugukonda kuuluv puuvili. Mitmete magustoitude eksootiline koostisosa \u2013 kunagi seostati seda Prantsuse k\u00f5rgk\u00f6\u00f6giga, kuid n\u00fc\u00fcd hiilib \u00fcha enam kodustesse sahvritesse. Oad on umbes tolli pikkused ja meenutavad puitunud rosinat, lakitud, kortsus v\u00e4limusega ja pehmema pruuni keskosaga. Tonka k\u00f5ige eristavam omadus on aga nende p\u00e4ikseline vanilje maitse, \u00f5lise nelgi aroom ja magnoolia ning sandlipuu noodid.<\/p>\n<p>Millega tonka uba sobib?<br \/>\nTonkal on loomulik kooslus \u0161okolaadiga ja sobib suurep\u00e4raselt magusate puuviljade, maasikate ja aprikooside k\u00f5rvale. Tonka keerukas maitse muudab huvitavaks ka kokteili koostisosana, kusjuures paljud v\u00fcrtsikad noodid kattuvad viskide ja konjakiga.<br \/>\nSarnaselt vaniljega kasutatakse tonka ube k\u00f5ige sagedamini magusates roogades, kuid eksperimentaalsem kokk v\u00f5ib avastada, et maitsed toimivad ka soolases kontekstis. N\u00e4iteks vanilli kasutatakse sageli Madagaskari kalaroogades &#8211; ja tonka sobiks sarnaste retseptidega, kasutatakse majoneesi maitsestamiseks v\u00f5i soolase sorbeti maitsestamiseks.<\/p>\n<p><strong>Ingredients: <\/strong>Tonka oad.<br \/>\nP\u00e4ritolumaa: Brasiilia.<\/p>\n<p>Toitumisalane teave keskmiselt 100g kohta<\/p>\n<p>Energy content <span style=\"font-size: 13px\">2196kj&nbsp;<\/span>\/525kcal&nbsp;<br \/>\nEnergeetiline v\u00e4\u00e4rtus,&nbsp;<br \/>\nRasvad 36,3g<br \/>\nmillest k\u00fcllastunud rasvhapped 25,9g<br \/>\nS\u00fcsivesikud, 49,3g<br \/>\nmillest suhkrud, 28,5g<br \/>\nKiudaineid, 0g<br \/>\nValgud, 5,8g<br \/>\nSool, 2g<\/p>","protected":false},"excerpt":{"rendered":"<p>Tonka oad on kaunviljaliste sugukonda kuuluv puuvili. Mitmete magustoitude eksootiline koostisosa \u2013 kunagi seostati seda Prantsuse k\u00f5rgk\u00f6\u00f6giga, kuid n\u00fc\u00fcd hiilib \u00fcha enam kodustesse sahvritesse. Oad on umbes tolli pikkused ja meenutavad puitunud rosinat, lakitud, kortsus v\u00e4limusega ja pehmema pruuni keskosaga. Tonka k\u00f5ige eristavam omadus on aga nende p\u00e4ikseline vanilje maitse, \u00f5lise nelgi aroom ja magnoolia [&hellip;]<\/p>\n","protected":false},"featured_media":293,"template":"","meta":[],"product_brand":[],"product_cat":[338],"product_tag":[],"class_list":{"0":"post-264","1":"product","2":"type-product","3":"status-publish","4":"has-post-thumbnail","6":"product_cat-puhtad-maitsed","8":"first","9":"outofstock","10":"taxable","11":"shipping-taxable","12":"purchasable","13":"product-type-simple"},"_links":{"self":[{"href":"https:\/\/pipraveski.ee\/en\/wp-json\/wp\/v2\/product\/264","targetHints":{"allow":["GET"]}}],"collection":[{"href":"https:\/\/pipraveski.ee\/en\/wp-json\/wp\/v2\/product"}],"about":[{"href":"https:\/\/pipraveski.ee\/en\/wp-json\/wp\/v2\/types\/product"}],"wp:featuredmedia":[{"embeddable":true,"href":"https:\/\/pipraveski.ee\/en\/wp-json\/wp\/v2\/media\/293"}],"wp:attachment":[{"href":"https:\/\/pipraveski.ee\/en\/wp-json\/wp\/v2\/media?parent=264"}],"wp:term":[{"taxonomy":"product_brand","embeddable":true,"href":"https:\/\/pipraveski.ee\/en\/wp-json\/wp\/v2\/product_brand?post=264"},{"taxonomy":"product_cat","embeddable":true,"href":"https:\/\/pipraveski.ee\/en\/wp-json\/wp\/v2\/product_cat?post=264"},{"taxonomy":"product_tag","embeddable":true,"href":"https:\/\/pipraveski.ee\/en\/wp-json\/wp\/v2\/product_tag?post=264"}],"curies":[{"name":"wp","href":"https:\/\/api.w.org\/{rel}","templated":true}]}}