{"id":263,"date":"2025-10-22T19:01:32","date_gmt":"2025-10-22T16:01:32","guid":{"rendered":"https:\/\/pipraveski.ee\/?post_type=product&#038;p=263"},"modified":"2026-04-17T11:31:41","modified_gmt":"2026-04-17T08:31:41","slug":"teefiltrid-tassile-100tk-102-x-195cm","status":"publish","type":"product","link":"https:\/\/pipraveski.ee\/en\/product\/teefiltrid-tassile-100tk-102-x-195cm\/","title":{"rendered":"Tea filters, for pocket, 100pcs, 10,2 x 19,5cm"},"content":{"rendered":"<p>Teepaberifilter, suurus L &#8211; eriti lai.<br \/>\nPaberist \u00fchekordsed teefiltrid, kloriidivabad.<br \/>\nSobivad igas suuruses teele.<br \/>\nMugav kasutada, asetada lihtsalt tassi \u00e4\u00e4rde ja p\u00e4rast kasutust \u00e4ra visata.<br \/>\nV\u00e4ga peen kompostitav filterpaber, pleegitatud ilma kloorita. See teefilter on eksklusiivne k\u00f5ikidele meeltele, peenel einestamisel ja teie isiklikuks maitseelamuseks! J\u00e4tkusuutlikkus ja keskkonnahoid olid arenduse p\u00f5hiideed: nii looduslikust toorainest valmistatud kott on kergesti kompostitavad.<\/p>\n<p>100 tk karbis.<br \/>\nPikkus 13 cm ja laius 6,4 cm.<\/p>","protected":false},"excerpt":{"rendered":"<p>Teepaberifilter, suurus L &#8211; eriti lai. Paberist \u00fchekordsed teefiltrid, kloriidivabad. Sobivad igas suuruses teele. Mugav kasutada, asetada lihtsalt tassi \u00e4\u00e4rde ja p\u00e4rast kasutust \u00e4ra visata. V\u00e4ga peen kompostitav filterpaber, pleegitatud ilma kloorita. See teefilter on eksklusiivne k\u00f5ikidele meeltele, peenel einestamisel ja teie isiklikuks maitseelamuseks! J\u00e4tkusuutlikkus ja keskkonnahoid olid arenduse p\u00f5hiideed: nii looduslikust toorainest valmistatud kott [&hellip;]<\/p>\n","protected":false},"featured_media":292,"template":"","meta":[],"product_brand":[],"product_cat":[327],"product_tag":[],"class_list":{"0":"post-263","1":"product","2":"type-product","3":"status-publish","4":"has-post-thumbnail","6":"product_cat-kohv-tee","8":"first","9":"instock","10":"taxable","11":"shipping-taxable","12":"purchasable","13":"product-type-simple"},"_links":{"self":[{"href":"https:\/\/pipraveski.ee\/en\/wp-json\/wp\/v2\/product\/263","targetHints":{"allow":["GET"]}}],"collection":[{"href":"https:\/\/pipraveski.ee\/en\/wp-json\/wp\/v2\/product"}],"about":[{"href":"https:\/\/pipraveski.ee\/en\/wp-json\/wp\/v2\/types\/product"}],"wp:featuredmedia":[{"embeddable":true,"href":"https:\/\/pipraveski.ee\/en\/wp-json\/wp\/v2\/media\/292"}],"wp:attachment":[{"href":"https:\/\/pipraveski.ee\/en\/wp-json\/wp\/v2\/media?parent=263"}],"wp:term":[{"taxonomy":"product_brand","embeddable":true,"href":"https:\/\/pipraveski.ee\/en\/wp-json\/wp\/v2\/product_brand?post=263"},{"taxonomy":"product_cat","embeddable":true,"href":"https:\/\/pipraveski.ee\/en\/wp-json\/wp\/v2\/product_cat?post=263"},{"taxonomy":"product_tag","embeddable":true,"href":"https:\/\/pipraveski.ee\/en\/wp-json\/wp\/v2\/product_tag?post=263"}],"curies":[{"name":"wp","href":"https:\/\/api.w.org\/{rel}","templated":true}]}}