{"id":262,"date":"2025-10-22T19:01:32","date_gmt":"2025-10-22T16:01:32","guid":{"rendered":"https:\/\/pipraveski.ee\/?post_type=product&#038;p=262"},"modified":"2026-04-17T11:33:24","modified_gmt":"2026-04-17T08:33:24","slug":"vurtsikate-kanatiibade-marinaadisegu-lobo-50g","status":"publish","type":"product","link":"https:\/\/pipraveski.ee\/en\/product\/vurtsikate-kanatiibade-marinaadisegu-lobo-50g\/","title":{"rendered":"Spicy chicken wings marinade, Lobo, 50g"},"content":{"rendered":"<p>Maitseainesegu v\u00fcrtsikate ja maitsekate kanatiibade valmistamiseks.<br \/>\nRetsept v\u00fcrtsikate suurte tiibade, v\u00fcrtsika hamburgeri steiki, v\u00fcrtsika kanapihvi ja muude teie lemmikroogade k\u00fcpsetamiseks.<\/p>\n<p>Kasutamine: Sega maitseaine 35-30ml veega ja kasuta 700g kanakoibade marineerimiseks. Maitsvama tulemuse saamiseks marineeri kanatiibu \u00fcle\u00f6\u00f6 k\u00fclmkapis.<\/p>\n<p>Koostis: suhkur, v\u00fcrtsid (valge pipra pulber, k\u00fc\u00fcslaugupulber, sibul), t\u0161illi (15%), sool, stabilisaator (t\u00e4rkliseatsetaat), h\u00fcdrol\u00fc\u00fcsitud taimne valk (sojaoa, mais, maltodekstriin), p\u00e4rmiekstrakt.<br \/>\nEi ole lisatud s\u00e4ilitusaineid, MSG-d ega v\u00e4rvaineid.<\/p>\n<p>Toitumisalane teave&nbsp; 100 g kohta<br \/>\nEnergiasisaldus 1526kJ\/360kcal<br \/>\nFats 0,5 g<br \/>\nCarbohydrates 80g<br \/>\nmillest suhkrud 52g<br \/>\nKiudaineid 7,4g<br \/>\nProtein 5,2g<br \/>\nSool 13,4g<\/p>\n<p>Country of origin: Thailand<\/p>","protected":false},"excerpt":{"rendered":"<p>Maitseainesega v\u00fcrtsikateks kanatiibadeks<\/p>","protected":false},"featured_media":291,"template":"","meta":[],"product_brand":[263],"product_cat":[307],"product_tag":[],"class_list":{"0":"post-262","1":"product","2":"type-product","3":"status-publish","4":"has-post-thumbnail","6":"product_brand-lobo","7":"product_cat-maitseainesegud","9":"first","10":"instock","11":"taxable","12":"shipping-taxable","13":"purchasable","14":"product-type-simple"},"_links":{"self":[{"href":"https:\/\/pipraveski.ee\/en\/wp-json\/wp\/v2\/product\/262","targetHints":{"allow":["GET"]}}],"collection":[{"href":"https:\/\/pipraveski.ee\/en\/wp-json\/wp\/v2\/product"}],"about":[{"href":"https:\/\/pipraveski.ee\/en\/wp-json\/wp\/v2\/types\/product"}],"wp:featuredmedia":[{"embeddable":true,"href":"https:\/\/pipraveski.ee\/en\/wp-json\/wp\/v2\/media\/291"}],"wp:attachment":[{"href":"https:\/\/pipraveski.ee\/en\/wp-json\/wp\/v2\/media?parent=262"}],"wp:term":[{"taxonomy":"product_brand","embeddable":true,"href":"https:\/\/pipraveski.ee\/en\/wp-json\/wp\/v2\/product_brand?post=262"},{"taxonomy":"product_cat","embeddable":true,"href":"https:\/\/pipraveski.ee\/en\/wp-json\/wp\/v2\/product_cat?post=262"},{"taxonomy":"product_tag","embeddable":true,"href":"https:\/\/pipraveski.ee\/en\/wp-json\/wp\/v2\/product_tag?post=262"}],"curies":[{"name":"wp","href":"https:\/\/api.w.org\/{rel}","templated":true}]}}